{"id":322642,"date":"2024-04-27T12:59:48","date_gmt":"2024-04-27T10:59:48","guid":{"rendered":"https:\/\/www.pomoline.com\/web-pruebas\/producto\/tirador-pomo-redondo-de-mueble-abs-pintado-colores-diseno-juvenil\/"},"modified":"2025-03-13T23:31:36","modified_gmt":"2025-03-13T22:31:36","slug":"mobelknopf-knopf-rund-aus-mobel-abs-gemalt-farben-design-jugendlich","status":"publish","type":"product","link":"https:\/\/www.pomoline.com\/de\/produkt\/mobelknopf-knopf-rund-aus-mobel-abs-gemalt-farben-design-jugendlich\/","title":{"rendered":"M\u00d6BELKNOPF KNOPF RUND AUS M\u00d6BEL ABS GEMALT FARBEN DESIGN JUGENDLICH"},"content":{"rendered":"<p>Farbig lackierte Kunststoffkn\u00f6pfe f\u00fcr Kinderm\u00f6belschubladen. Diese M\u00f6belgriffe sind sehr preiswert und geben dem Raum eine sch\u00f6ne Atmosph\u00e4re. Dieses besondere Modell ist MOD 770 M\u00f6belgriff M\u00f6belknopf rund de M\u00f6bel ABS gemalt Farben Design judenlich<\/p>\n","protected":false},"excerpt":{"rendered":"<p>Farbig lackierte Kunststoffkn\u00f6pfe f\u00fcr Kinderm\u00f6belschubladen. Diese M\u00f6belgriffe sind sehr preiswert und geben dem Raum eine sch\u00f6ne Atmosph\u00e4re. Dieses besondere Modell ist MOD 770 M\u00f6belgriff M\u00f6belknopf rund de M\u00f6bel ABS gemalt Farben Design judenlich<\/p>\n","protected":false},"featured_media":409663,"template":"","meta":{"_joinchat":[]},"product_brand":[],"product_cat":[993],"product_tag":[],"class_list":{"0":"post-322642","1":"product","2":"type-product","3":"status-publish","4":"has-post-thumbnail","6":"product_cat-knopfe-kindermobel-baby-schubladen","7":"pa_color-weis-schrank-griffe-griffe-wandhaken-turhaken-mobelbeine","8":"pa_color-blau-schrank-knauf-griffe-wandaufhanger-turhaken-mobel-beine","9":"pa_color-lila-schrankknopfe-griffe-wandhaken-turhaken-mobelbeine","10":"pa_color-magenta-schrank-knauf-griffe-wandaufhanger-turhaken-mobel-beine","11":"pa_color-orange-schrank-griffe-griffe-wandaufhanger-turhaken-mobel-beine","12":"pa_color-pistazie-grun-schrankknopfe-griffe-wandhaken-turhaken-mobelbeine","13":"pa_color-pink-schrank-knauf-griffe-wandaufhanger-turhaken-mobel-beine","14":"pa_tendencia-jugendschrankgriffe-mobelgriffe-fur-jugendliche","16":"first","17":"instock","18":"taxable","19":"shipping-taxable","20":"purchasable","21":"product-type-variable","22":"has-default-attributes","23":"wvs-archive-product-wrapper"},"_links":{"self":[{"href":"https:\/\/www.pomoline.com\/de\/wp-json\/wp\/v2\/product\/322642","targetHints":{"allow":["GET"]}}],"collection":[{"href":"https:\/\/www.pomoline.com\/de\/wp-json\/wp\/v2\/product"}],"about":[{"href":"https:\/\/www.pomoline.com\/de\/wp-json\/wp\/v2\/types\/product"}],"wp:featuredmedia":[{"embeddable":true,"href":"https:\/\/www.pomoline.com\/de\/wp-json\/wp\/v2\/media\/409663"}],"wp:attachment":[{"href":"https:\/\/www.pomoline.com\/de\/wp-json\/wp\/v2\/media?parent=322642"}],"wp:term":[{"taxonomy":"product_brand","embeddable":true,"href":"https:\/\/www.pomoline.com\/de\/wp-json\/wp\/v2\/product_brand?post=322642"},{"taxonomy":"product_cat","embeddable":true,"href":"https:\/\/www.pomoline.com\/de\/wp-json\/wp\/v2\/product_cat?post=322642"},{"taxonomy":"product_tag","embeddable":true,"href":"https:\/\/www.pomoline.com\/de\/wp-json\/wp\/v2\/product_tag?post=322642"}],"curies":[{"name":"wp","href":"https:\/\/api.w.org\/{rel}","templated":true}]}}