{"id":322654,"date":"2024-04-27T13:00:09","date_gmt":"2024-04-27T11:00:09","guid":{"rendered":"https:\/\/www.pomoline.com\/web-pruebas\/producto\/pomo-tirador-cajon-diseno-cordones-para-mueble-infantil-y-juvenil\/"},"modified":"2025-03-13T23:30:38","modified_gmt":"2025-03-13T22:30:38","slug":"knopf-mobelknopfechublade-design-schnursenkel-fur-mobel-kindlich-und-jugendlich","status":"publish","type":"product","link":"https:\/\/www.pomoline.com\/de\/produkt\/knopf-mobelknopfechublade-design-schnursenkel-fur-mobel-kindlich-und-jugendlich\/","title":{"rendered":"KNOPF M\u00d6BELKN\u00d6PFECHUBLADE DESIGN SCHN\u00dcRSENKEL F\u00dcR M\u00d6BEL KINDLICH UND JUGENDLICH"},"content":{"rendered":"<p>Kinderm\u00f6belkn\u00f6pfe mit Siebdruckmuster. Ihre Kinder werden es lieben, ein Zimmer mit sehr farbigen und lustigen M\u00f6belgriffen zu haben. Dieses besondere Modell ist MOD 765- M\u00f6belknopf M\u00f6belgriff Schublade Design Schn\u00fcrsenkel f\u00fcr M\u00f6bel kindlich und judenl<\/p>\n","protected":false},"excerpt":{"rendered":"<p>Kinderm\u00f6belkn\u00f6pfe mit Siebdruckmuster. Ihre Kinder werden es lieben, ein Zimmer mit sehr farbigen und lustigen M\u00f6belgriffen zu haben. Dieses besondere Modell ist MOD 765- M\u00f6belknopf M\u00f6belgriff Schublade Design Schn\u00fcrsenkel f\u00fcr M\u00f6bel kindlich und judenl<\/p>\n","protected":false},"featured_media":409651,"template":"","meta":{"_joinchat":[]},"product_brand":[],"product_cat":[993],"product_tag":[],"class_list":{"0":"post-322654","1":"product","2":"type-product","3":"status-publish","4":"has-post-thumbnail","6":"product_cat-knopfe-kindermobel-baby-schubladen","7":"pa_color-grun-schrank-griffe-griffe-wandaufhanger-turhaken-mobel-beine","8":"pa_color-gelb-schrank-griffe-griffe-wandaufhanger-turhaken-mobel-beine","9":"pa_color-blau-schrank-knauf-griffe-wandaufhanger-turhaken-mobel-beine","10":"pa_color-lila-schrank-knauf-griffe-wandaufhanger-turhaken-mobel-beine","11":"pa_tendencia-jugendschrankgriffe-mobelgriffe-fur-jugendliche","13":"first","14":"instock","15":"taxable","16":"shipping-taxable","17":"purchasable","18":"product-type-variable","19":"has-default-attributes","20":"wvs-archive-product-wrapper"},"_links":{"self":[{"href":"https:\/\/www.pomoline.com\/de\/wp-json\/wp\/v2\/product\/322654","targetHints":{"allow":["GET"]}}],"collection":[{"href":"https:\/\/www.pomoline.com\/de\/wp-json\/wp\/v2\/product"}],"about":[{"href":"https:\/\/www.pomoline.com\/de\/wp-json\/wp\/v2\/types\/product"}],"wp:featuredmedia":[{"embeddable":true,"href":"https:\/\/www.pomoline.com\/de\/wp-json\/wp\/v2\/media\/409651"}],"wp:attachment":[{"href":"https:\/\/www.pomoline.com\/de\/wp-json\/wp\/v2\/media?parent=322654"}],"wp:term":[{"taxonomy":"product_brand","embeddable":true,"href":"https:\/\/www.pomoline.com\/de\/wp-json\/wp\/v2\/product_brand?post=322654"},{"taxonomy":"product_cat","embeddable":true,"href":"https:\/\/www.pomoline.com\/de\/wp-json\/wp\/v2\/product_cat?post=322654"},{"taxonomy":"product_tag","embeddable":true,"href":"https:\/\/www.pomoline.com\/de\/wp-json\/wp\/v2\/product_tag?post=322654"}],"curies":[{"name":"wp","href":"https:\/\/api.w.org\/{rel}","templated":true}]}}