{"id":322682,"date":"2024-04-27T13:01:02","date_gmt":"2024-04-27T11:01:02","guid":{"rendered":"https:\/\/www.pomoline.com\/web-pruebas\/producto\/pomo-tirador-cajon-diseno-corazon-para-mueble-infantil-y-juvenil\/"},"modified":"2025-03-13T23:28:24","modified_gmt":"2025-03-13T22:28:24","slug":"knopf-mobelknopfechublade-design-herz-fur-mobel-kindlich-und-jugendlich","status":"publish","type":"product","link":"https:\/\/www.pomoline.com\/de\/produkt\/knopf-mobelknopfechublade-design-herz-fur-mobel-kindlich-und-jugendlich\/","title":{"rendered":"KNOPF M\u00d6BELKN\u00d6PFECHUBLADE DESIGN HERZ F\u00dcR M\u00d6BEL KINDLICH UND JUGENDLICH"},"content":{"rendered":"<p>Kinderm\u00f6belkn\u00f6pfe mit Siebdruckmuster. Ihre Kinder werden es lieben, ein Zimmer mit sehr farbigen und lustigen M\u00f6belgriffen zu haben. Dieses besondere Modell ist MOD 758 M\u00f6belknopf M\u00f6belgriff Schublade Design Herz f\u00fcr M\u00f6bel kindlich und judenlich<\/p>\n","protected":false},"excerpt":{"rendered":"<p>Kinderm\u00f6belkn\u00f6pfe mit Siebdruckmuster. Ihre Kinder werden es lieben, ein Zimmer mit sehr farbigen und lustigen M\u00f6belgriffen zu haben. Dieses besondere Modell ist MOD 758 M\u00f6belknopf M\u00f6belgriff Schublade Design Herz f\u00fcr M\u00f6bel kindlich und judenlich<\/p>\n","protected":false},"featured_media":409623,"template":"","meta":{"_joinchat":[]},"product_brand":[],"product_cat":[993],"product_tag":[],"class_list":{"0":"post-322682","1":"product","2":"type-product","3":"status-publish","4":"has-post-thumbnail","6":"product_cat-knopfe-kindermobel-baby-schubladen","7":"pa_color-fantasy-schrank-knopfe-griffe-wandhanger-turhaken-mobelbeine","8":"pa_tendencia-jugendschrankgriffe-mobelgriffe-fur-jugendliche","10":"first","11":"instock","12":"taxable","13":"shipping-taxable","14":"purchasable","15":"product-type-variable","16":"has-default-attributes","17":"wvs-archive-product-wrapper"},"_links":{"self":[{"href":"https:\/\/www.pomoline.com\/de\/wp-json\/wp\/v2\/product\/322682","targetHints":{"allow":["GET"]}}],"collection":[{"href":"https:\/\/www.pomoline.com\/de\/wp-json\/wp\/v2\/product"}],"about":[{"href":"https:\/\/www.pomoline.com\/de\/wp-json\/wp\/v2\/types\/product"}],"wp:featuredmedia":[{"embeddable":true,"href":"https:\/\/www.pomoline.com\/de\/wp-json\/wp\/v2\/media\/409623"}],"wp:attachment":[{"href":"https:\/\/www.pomoline.com\/de\/wp-json\/wp\/v2\/media?parent=322682"}],"wp:term":[{"taxonomy":"product_brand","embeddable":true,"href":"https:\/\/www.pomoline.com\/de\/wp-json\/wp\/v2\/product_brand?post=322682"},{"taxonomy":"product_cat","embeddable":true,"href":"https:\/\/www.pomoline.com\/de\/wp-json\/wp\/v2\/product_cat?post=322682"},{"taxonomy":"product_tag","embeddable":true,"href":"https:\/\/www.pomoline.com\/de\/wp-json\/wp\/v2\/product_tag?post=322682"}],"curies":[{"name":"wp","href":"https:\/\/api.w.org\/{rel}","templated":true}]}}