{"id":322734,"date":"2024-04-27T13:02:29","date_gmt":"2024-04-27T11:02:29","guid":{"rendered":"https:\/\/www.pomoline.com\/web-pruebas\/producto\/pomo-abs-con-serigrafia-ropa-bebe-tirador-mueble-infantil\/"},"modified":"2025-03-13T23:24:45","modified_gmt":"2025-03-13T22:24:45","slug":"knopf-abs-mit-siebdruck-babykleidung-mobelknopf-mobel-kindlich","status":"publish","type":"product","link":"https:\/\/www.pomoline.com\/de\/produkt\/knopf-abs-mit-siebdruck-babykleidung-mobelknopf-mobel-kindlich\/","title":{"rendered":"KNOPF ABS MIT SIEBDRUCK BABYKLEIDUNG | M\u00d6BELKNOPF M\u00d6BEL KINDLICH"},"content":{"rendered":"<p>Kinderm\u00f6belkn\u00f6pfe mit Siebdruckmuster. Ihre Kinder werden es lieben, ein Zimmer mit sehr farbigen und lustigen M\u00f6belgriffen zu haben. Dieses besondere Modell ist MOD 745 M\u00f6belknopf ABS mit Siebdruck BABYKLEIDUNG | M\u00f6belgriff M\u00f6bel kindlich<\/p>\n","protected":false},"excerpt":{"rendered":"<p>Kinderm\u00f6belkn\u00f6pfe mit Siebdruckmuster. Ihre Kinder werden es lieben, ein Zimmer mit sehr farbigen und lustigen M\u00f6belgriffen zu haben. Dieses besondere Modell ist MOD 745 M\u00f6belknopf ABS mit Siebdruck BABYKLEIDUNG | M\u00f6belgriff M\u00f6bel kindlich<\/p>\n","protected":false},"featured_media":409571,"template":"","meta":{"_joinchat":[]},"product_brand":[],"product_cat":[993],"product_tag":[],"class_list":{"0":"post-322734","1":"product","2":"type-product","3":"status-publish","4":"has-post-thumbnail","6":"product_cat-knopfe-kindermobel-baby-schubladen","7":"pa_color-hellblau-schrankgriffe-griffe-wandaufhanger-turhaken-mobelbeine","8":"pa_color-pink-schrank-knauf-griffe-wandaufhanger-turhaken-mobel-beine","9":"pa_tendencia-baby-schrank-griffe-mobel-griffe-fur-kinder-kind","11":"first","12":"instock","13":"taxable","14":"shipping-taxable","15":"purchasable","16":"product-type-variable","17":"has-default-attributes","18":"wvs-archive-product-wrapper"},"_links":{"self":[{"href":"https:\/\/www.pomoline.com\/de\/wp-json\/wp\/v2\/product\/322734","targetHints":{"allow":["GET"]}}],"collection":[{"href":"https:\/\/www.pomoline.com\/de\/wp-json\/wp\/v2\/product"}],"about":[{"href":"https:\/\/www.pomoline.com\/de\/wp-json\/wp\/v2\/types\/product"}],"wp:featuredmedia":[{"embeddable":true,"href":"https:\/\/www.pomoline.com\/de\/wp-json\/wp\/v2\/media\/409571"}],"wp:attachment":[{"href":"https:\/\/www.pomoline.com\/de\/wp-json\/wp\/v2\/media?parent=322734"}],"wp:term":[{"taxonomy":"product_brand","embeddable":true,"href":"https:\/\/www.pomoline.com\/de\/wp-json\/wp\/v2\/product_brand?post=322734"},{"taxonomy":"product_cat","embeddable":true,"href":"https:\/\/www.pomoline.com\/de\/wp-json\/wp\/v2\/product_cat?post=322734"},{"taxonomy":"product_tag","embeddable":true,"href":"https:\/\/www.pomoline.com\/de\/wp-json\/wp\/v2\/product_tag?post=322734"}],"curies":[{"name":"wp","href":"https:\/\/api.w.org\/{rel}","templated":true}]}}