{"id":322738,"date":"2024-04-27T13:02:40","date_gmt":"2024-04-27T11:02:40","guid":{"rendered":"https:\/\/www.pomoline.com\/web-pruebas\/producto\/pomo-abs-con-serigrafia-cebra-magenta-tirador-mueble-ninos-infantil\/"},"modified":"2025-03-13T23:24:29","modified_gmt":"2025-03-13T22:24:29","slug":"knopf-abs-mit-siebdruck-zebra-magenta-mobelknopf-mobel-kinder-kindlich","status":"publish","type":"product","link":"https:\/\/www.pomoline.com\/de\/produkt\/knopf-abs-mit-siebdruck-zebra-magenta-mobelknopf-mobel-kinder-kindlich\/","title":{"rendered":"KNOPF ABS MIT SIEBDRUCK ZEBRA MAGENTA | M\u00d6BELKNOPF M\u00d6BEL KINDER KINDLICH"},"content":{"rendered":"<p>Kinderm\u00f6belkn\u00f6pfe mit Siebdruckmuster. Ihre Kinder werden es lieben, ein Zimmer mit sehr farbigen und lustigen M\u00f6belgriffen zu haben. Dieses besondere Modell ist MOD 744 M\u00f6belknopf ABS mit Siebdruck Zebra magenta | M\u00f6belgriff M\u00f6bel Kinder kindlich<\/p>\n","protected":false},"excerpt":{"rendered":"<p>Kinderm\u00f6belkn\u00f6pfe mit Siebdruckmuster. Ihre Kinder werden es lieben, ein Zimmer mit sehr farbigen und lustigen M\u00f6belgriffen zu haben. Dieses besondere Modell ist MOD 744 M\u00f6belknopf ABS mit Siebdruck Zebra magenta | M\u00f6belgriff M\u00f6bel Kinder kindlich<\/p>\n","protected":false},"featured_media":409567,"template":"","meta":{"_joinchat":[]},"product_brand":[],"product_cat":[993],"product_tag":[],"class_list":{"0":"post-322738","1":"product","2":"type-product","3":"status-publish","4":"has-post-thumbnail","6":"product_cat-knopfe-kindermobel-baby-schubladen","7":"pa_color-grau-schrank-knauf-griffe-wandaufhanger-turhaken-mobel-beine","8":"pa_tendencia-kinderschrank-griffe-mobelgriffe-fur-kind","10":"first","11":"instock","12":"taxable","13":"shipping-taxable","14":"purchasable","15":"product-type-variable","16":"has-default-attributes","17":"wvs-archive-product-wrapper"},"_links":{"self":[{"href":"https:\/\/www.pomoline.com\/de\/wp-json\/wp\/v2\/product\/322738","targetHints":{"allow":["GET"]}}],"collection":[{"href":"https:\/\/www.pomoline.com\/de\/wp-json\/wp\/v2\/product"}],"about":[{"href":"https:\/\/www.pomoline.com\/de\/wp-json\/wp\/v2\/types\/product"}],"wp:featuredmedia":[{"embeddable":true,"href":"https:\/\/www.pomoline.com\/de\/wp-json\/wp\/v2\/media\/409567"}],"wp:attachment":[{"href":"https:\/\/www.pomoline.com\/de\/wp-json\/wp\/v2\/media?parent=322738"}],"wp:term":[{"taxonomy":"product_brand","embeddable":true,"href":"https:\/\/www.pomoline.com\/de\/wp-json\/wp\/v2\/product_brand?post=322738"},{"taxonomy":"product_cat","embeddable":true,"href":"https:\/\/www.pomoline.com\/de\/wp-json\/wp\/v2\/product_cat?post=322738"},{"taxonomy":"product_tag","embeddable":true,"href":"https:\/\/www.pomoline.com\/de\/wp-json\/wp\/v2\/product_tag?post=322738"}],"curies":[{"name":"wp","href":"https:\/\/api.w.org\/{rel}","templated":true}]}}