{"id":322750,"date":"2024-04-27T13:03:01","date_gmt":"2024-04-27T11:03:01","guid":{"rendered":"https:\/\/www.pomoline.com\/web-pruebas\/producto\/pomo-abs-con-serigrafia-avioneta-tirador-mueble-ninos-infantil\/"},"modified":"2025-03-13T23:23:40","modified_gmt":"2025-03-13T22:23:40","slug":"knopf-abs-mit-siebdruck-kleinflugzeug-mobelknopf-mobel-kinder-kindlich","status":"publish","type":"product","link":"https:\/\/www.pomoline.com\/de\/produkt\/knopf-abs-mit-siebdruck-kleinflugzeug-mobelknopf-mobel-kinder-kindlich\/","title":{"rendered":"KNOPF ABS MIT SIEBDRUCK KLEINFLUGZEUG | M\u00d6BELKNOPF M\u00d6BEL KINDER KINDLICH"},"content":{"rendered":"<p>Kinderm\u00f6belkn\u00f6pfe mit Siebdruckmuster. Ihre Kinder werden es lieben, ein Zimmer mit sehr farbigen und lustigen M\u00f6belgriffen zu haben. Dieses besondere Modell ist MOD 741 M\u00f6belknopf ABS mit Siebdruck Leichtflugzeug | M\u00f6belgriff M\u00f6bel Kinder kindlich<\/p>\n","protected":false},"excerpt":{"rendered":"<p>Kinderm\u00f6belkn\u00f6pfe mit Siebdruckmuster. Ihre Kinder werden es lieben, ein Zimmer mit sehr farbigen und lustigen M\u00f6belgriffen zu haben. Dieses besondere Modell ist MOD 741 M\u00f6belknopf ABS mit Siebdruck Leichtflugzeug | M\u00f6belgriff M\u00f6bel Kinder kindlich<\/p>\n","protected":false},"featured_media":409555,"template":"","meta":{"_joinchat":[]},"product_brand":[],"product_cat":[993],"product_tag":[],"class_list":{"0":"post-322750","1":"product","2":"type-product","3":"status-publish","4":"has-post-thumbnail","6":"product_cat-knopfe-kindermobel-baby-schubladen","7":"pa_color-blau-schrank-knauf-griffe-wandaufhanger-turhaken-mobel-beine","8":"pa_color-rot-schrank-knauf-griffe-wandaufhanger-turhaken-mobel-beine","9":"pa_tendencia-kinderschrank-griffe-mobelgriffe-fur-kind","11":"first","12":"instock","13":"taxable","14":"shipping-taxable","15":"purchasable","16":"product-type-variable","17":"has-default-attributes","18":"wvs-archive-product-wrapper"},"_links":{"self":[{"href":"https:\/\/www.pomoline.com\/de\/wp-json\/wp\/v2\/product\/322750","targetHints":{"allow":["GET"]}}],"collection":[{"href":"https:\/\/www.pomoline.com\/de\/wp-json\/wp\/v2\/product"}],"about":[{"href":"https:\/\/www.pomoline.com\/de\/wp-json\/wp\/v2\/types\/product"}],"wp:featuredmedia":[{"embeddable":true,"href":"https:\/\/www.pomoline.com\/de\/wp-json\/wp\/v2\/media\/409555"}],"wp:attachment":[{"href":"https:\/\/www.pomoline.com\/de\/wp-json\/wp\/v2\/media?parent=322750"}],"wp:term":[{"taxonomy":"product_brand","embeddable":true,"href":"https:\/\/www.pomoline.com\/de\/wp-json\/wp\/v2\/product_brand?post=322750"},{"taxonomy":"product_cat","embeddable":true,"href":"https:\/\/www.pomoline.com\/de\/wp-json\/wp\/v2\/product_cat?post=322750"},{"taxonomy":"product_tag","embeddable":true,"href":"https:\/\/www.pomoline.com\/de\/wp-json\/wp\/v2\/product_tag?post=322750"}],"curies":[{"name":"wp","href":"https:\/\/api.w.org\/{rel}","templated":true}]}}