{"id":322758,"date":"2024-04-27T13:03:13","date_gmt":"2024-04-27T11:03:13","guid":{"rendered":"https:\/\/www.pomoline.com\/web-pruebas\/producto\/pomo-boton-goma-arena-beige-tirador-mueble-bebe-infantil\/"},"modified":"2025-03-13T23:23:06","modified_gmt":"2025-03-13T22:23:06","slug":"knopf-kleidungknopf-gummi-sand-beige-mobelknopf-mobel-baby-kindlich","status":"publish","type":"product","link":"https:\/\/www.pomoline.com\/de\/produkt\/knopf-kleidungknopf-gummi-sand-beige-mobelknopf-mobel-baby-kindlich\/","title":{"rendered":"KNOPF KLEIDUNGKNOPF GUMMI SAND BEIGE | M\u00d6BELKNOPF M\u00d6BEL BABY KINDLICH"},"content":{"rendered":"<p>M\u00f6belkn\u00f6pfe f\u00fcr Kinderm\u00f6bel aus Gummi, um dem Kinderzimmer oder dem Baby zus\u00e4tzlichen Schutz zu geben. Dieses besondere Modell ist MOD 732 M\u00f6belknopf boton Gummi Sandfarbe beige | M\u00f6belgriff M\u00f6bel Baby kindlich<\/p>\n","protected":false},"excerpt":{"rendered":"<p>M\u00f6belkn\u00f6pfe f\u00fcr Kinderm\u00f6bel aus Gummi, um dem Kinderzimmer oder dem Baby zus\u00e4tzlichen Schutz zu geben. Dieses besondere Modell ist MOD 732 M\u00f6belknopf boton Gummi Sandfarbe beige | M\u00f6belgriff M\u00f6bel Baby kindlich<\/p>\n","protected":false},"featured_media":409547,"template":"","meta":{"_joinchat":[]},"product_brand":[],"product_cat":[5358,993,5355],"product_tag":[],"class_list":{"0":"post-322758","1":"product","2":"type-product","3":"status-publish","4":"has-post-thumbnail","6":"product_cat-ofertas-de","7":"product_cat-knopfe-kindermobel-baby-schubladen","8":"product_cat-ofertas","9":"pa_color-lila-schrank-knauf-griffe-wandaufhanger-turhaken-mobel-beine","10":"pa_color-orange-schrank-griffe-griffe-wandaufhanger-turhaken-mobel-beine","11":"pa_color-pink-schrank-knauf-griffe-wandaufhanger-turhaken-mobel-beine","12":"pa_color-sand-schrank-griffe-griffe-wandhaken-turhaken-mobel-beine","13":"pa_tendencia-kinderschrank-griffe-mobelgriffe-fur-kind","14":"pa_tendencia-baby-schrank-griffe-mobel-griffe-fur-kinder-kind","16":"first","17":"instock","18":"sale","19":"taxable","20":"shipping-taxable","21":"purchasable","22":"product-type-variable","23":"has-default-attributes","24":"wvs-archive-product-wrapper"},"_links":{"self":[{"href":"https:\/\/www.pomoline.com\/de\/wp-json\/wp\/v2\/product\/322758","targetHints":{"allow":["GET"]}}],"collection":[{"href":"https:\/\/www.pomoline.com\/de\/wp-json\/wp\/v2\/product"}],"about":[{"href":"https:\/\/www.pomoline.com\/de\/wp-json\/wp\/v2\/types\/product"}],"wp:featuredmedia":[{"embeddable":true,"href":"https:\/\/www.pomoline.com\/de\/wp-json\/wp\/v2\/media\/409547"}],"wp:attachment":[{"href":"https:\/\/www.pomoline.com\/de\/wp-json\/wp\/v2\/media?parent=322758"}],"wp:term":[{"taxonomy":"product_brand","embeddable":true,"href":"https:\/\/www.pomoline.com\/de\/wp-json\/wp\/v2\/product_brand?post=322758"},{"taxonomy":"product_cat","embeddable":true,"href":"https:\/\/www.pomoline.com\/de\/wp-json\/wp\/v2\/product_cat?post=322758"},{"taxonomy":"product_tag","embeddable":true,"href":"https:\/\/www.pomoline.com\/de\/wp-json\/wp\/v2\/product_tag?post=322758"}],"curies":[{"name":"wp","href":"https:\/\/api.w.org\/{rel}","templated":true}]}}