{"id":322770,"date":"2024-04-27T13:03:35","date_gmt":"2024-04-27T11:03:35","guid":{"rendered":"https:\/\/www.pomoline.com\/web-pruebas\/producto\/asa-abs-pintura-colores-tirador-mueble-bebe-infantil\/"},"modified":"2025-03-13T23:22:16","modified_gmt":"2025-03-13T22:22:16","slug":"griff-abs-farbe-farben-mobelknopf-mobel-baby-kindlich","status":"publish","type":"product","link":"https:\/\/www.pomoline.com\/de\/produkt\/griff-abs-farbe-farben-mobelknopf-mobel-baby-kindlich\/","title":{"rendered":"GRIFF ABS FARBE FARBEN | M\u00d6BELKNOPF M\u00d6BEL BABY KINDLICH"},"content":{"rendered":"<p>Farbig lackierte Kunststoffkn\u00f6pfe f\u00fcr Kinderm\u00f6belschubladen. Diese M\u00f6belgriffe sind sehr preiswert und geben dem Raum eine sch\u00f6ne Atmosph\u00e4re. Dieses besondere Modell ist MOD 729 Griff ABS Malerei Farben | M\u00f6belgriff M\u00f6bel Baby kindlich<\/p>\n","protected":false},"excerpt":{"rendered":"<p>Farbig lackierte Kunststoffkn\u00f6pfe f\u00fcr Kinderm\u00f6belschubladen. Diese M\u00f6belgriffe sind sehr preiswert und geben dem Raum eine sch\u00f6ne Atmosph\u00e4re. Dieses besondere Modell ist MOD 729 Griff ABS Malerei Farben | M\u00f6belgriff M\u00f6bel Baby kindlich<\/p>\n","protected":false},"featured_media":409535,"template":"","meta":{"_joinchat":[]},"product_brand":[],"product_cat":[993],"product_tag":[],"class_list":{"0":"post-322770","1":"product","2":"type-product","3":"status-publish","4":"has-post-thumbnail","6":"product_cat-knopfe-kindermobel-baby-schubladen","7":"pa_color-weis-schrank-griffe-griffe-wandhaken-turhaken-mobelbeine","8":"pa_color-blau-schrank-knauf-griffe-wandaufhanger-turhaken-mobel-beine","9":"pa_color-lila-schrankknopfe-griffe-wandhaken-turhaken-mobelbeine","10":"pa_color-magenta-schrank-knauf-griffe-wandaufhanger-turhaken-mobel-beine","11":"pa_color-orange-schrank-griffe-griffe-wandaufhanger-turhaken-mobel-beine","12":"pa_color-pistazie-grun-schrankknopfe-griffe-wandhaken-turhaken-mobelbeine","13":"pa_color-pink-schrank-knauf-griffe-wandaufhanger-turhaken-mobel-beine","14":"pa_distancia-agujeros-tornillos-tiradores-128-mm-entre-centros-de-tornillos-cajon-puerta-mueble-de","15":"pa_tendencia-jugendschrankgriffe-mobelgriffe-fur-jugendliche","17":"first","18":"instock","19":"taxable","20":"shipping-taxable","21":"purchasable","22":"product-type-variable","23":"has-default-attributes","24":"wvs-archive-product-wrapper"},"_links":{"self":[{"href":"https:\/\/www.pomoline.com\/de\/wp-json\/wp\/v2\/product\/322770","targetHints":{"allow":["GET"]}}],"collection":[{"href":"https:\/\/www.pomoline.com\/de\/wp-json\/wp\/v2\/product"}],"about":[{"href":"https:\/\/www.pomoline.com\/de\/wp-json\/wp\/v2\/types\/product"}],"wp:featuredmedia":[{"embeddable":true,"href":"https:\/\/www.pomoline.com\/de\/wp-json\/wp\/v2\/media\/409535"}],"wp:attachment":[{"href":"https:\/\/www.pomoline.com\/de\/wp-json\/wp\/v2\/media?parent=322770"}],"wp:term":[{"taxonomy":"product_brand","embeddable":true,"href":"https:\/\/www.pomoline.com\/de\/wp-json\/wp\/v2\/product_brand?post=322770"},{"taxonomy":"product_cat","embeddable":true,"href":"https:\/\/www.pomoline.com\/de\/wp-json\/wp\/v2\/product_cat?post=322770"},{"taxonomy":"product_tag","embeddable":true,"href":"https:\/\/www.pomoline.com\/de\/wp-json\/wp\/v2\/product_tag?post=322770"}],"curies":[{"name":"wp","href":"https:\/\/api.w.org\/{rel}","templated":true}]}}