{"id":322774,"date":"2024-04-27T13:03:43","date_gmt":"2024-04-27T11:03:43","guid":{"rendered":"https:\/\/www.pomoline.com\/web-pruebas\/producto\/pomo-corazon-abs-colores-tirador-mueble-bebe-infantil\/"},"modified":"2025-03-13T23:21:56","modified_gmt":"2025-03-13T22:21:56","slug":"knopf-herz-abs-farben-mobelknopf-mobel-baby-kindlich","status":"publish","type":"product","link":"https:\/\/www.pomoline.com\/de\/produkt\/knopf-herz-abs-farben-mobelknopf-mobel-baby-kindlich\/","title":{"rendered":"KNOPF HERZ ABS FARBEN | M\u00d6BELKNOPF M\u00d6BEL BABY KINDLICH"},"content":{"rendered":"<p>Farbig lackierte Kunststoffkn\u00f6pfe f\u00fcr Kinderm\u00f6belschubladen. Diese M\u00f6belgriffe sind sehr preiswert und geben dem Raum eine sch\u00f6ne Atmosph\u00e4re. Dieses besondere Modell ist MOD 727 M\u00f6belknopf Herz ABS Farben | M\u00f6belgriff M\u00f6bel Baby kindlich<\/p>\n","protected":false},"excerpt":{"rendered":"<p>Farbig lackierte Kunststoffkn\u00f6pfe f\u00fcr Kinderm\u00f6belschubladen. Diese M\u00f6belgriffe sind sehr preiswert und geben dem Raum eine sch\u00f6ne Atmosph\u00e4re. Dieses besondere Modell ist MOD 727 M\u00f6belknopf Herz ABS Farben | M\u00f6belgriff M\u00f6bel Baby kindlich<\/p>\n","protected":false},"featured_media":0,"template":"","meta":{"_joinchat":[]},"product_brand":[],"product_cat":[993],"product_tag":[],"class_list":{"0":"post-322774","1":"product","2":"type-product","3":"status-publish","5":"product_cat-knopfe-kindermobel-baby-schubladen","6":"pa_color-weis-schrank-griffe-griffe-wandhaken-turhaken-mobelbeine","7":"pa_color-pink-schrank-knauf-griffe-wandaufhanger-turhaken-mobel-beine","8":"pa_tendencia-jugendschrankgriffe-mobelgriffe-fur-jugendliche","10":"first","11":"outofstock","12":"taxable","13":"shipping-taxable","14":"purchasable","15":"product-type-variable","16":"has-default-attributes","17":"wvs-archive-product-wrapper"},"_links":{"self":[{"href":"https:\/\/www.pomoline.com\/de\/wp-json\/wp\/v2\/product\/322774","targetHints":{"allow":["GET"]}}],"collection":[{"href":"https:\/\/www.pomoline.com\/de\/wp-json\/wp\/v2\/product"}],"about":[{"href":"https:\/\/www.pomoline.com\/de\/wp-json\/wp\/v2\/types\/product"}],"wp:attachment":[{"href":"https:\/\/www.pomoline.com\/de\/wp-json\/wp\/v2\/media?parent=322774"}],"wp:term":[{"taxonomy":"product_brand","embeddable":true,"href":"https:\/\/www.pomoline.com\/de\/wp-json\/wp\/v2\/product_brand?post=322774"},{"taxonomy":"product_cat","embeddable":true,"href":"https:\/\/www.pomoline.com\/de\/wp-json\/wp\/v2\/product_cat?post=322774"},{"taxonomy":"product_tag","embeddable":true,"href":"https:\/\/www.pomoline.com\/de\/wp-json\/wp\/v2\/product_tag?post=322774"}],"curies":[{"name":"wp","href":"https:\/\/api.w.org\/{rel}","templated":true}]}}