{"id":322778,"date":"2024-04-27T13:03:52","date_gmt":"2024-04-27T11:03:52","guid":{"rendered":"https:\/\/www.pomoline.com\/web-pruebas\/producto\/pomo-abs-circulo-colores-tirador-mueble-infantil-juvenil\/"},"modified":"2025-03-13T23:21:41","modified_gmt":"2025-03-13T22:21:41","slug":"knopf-abs-kreis-farben-mobelknopf-mobel-kindlich-jugendlich","status":"publish","type":"product","link":"https:\/\/www.pomoline.com\/de\/produkt\/knopf-abs-kreis-farben-mobelknopf-mobel-kindlich-jugendlich\/","title":{"rendered":"KNOPF ABS KREIS FARBEN | M\u00d6BELKNOPF M\u00d6BEL KINDLICH JUGENDLICH"},"content":{"rendered":"<p>Farbig lackierte Kunststoffkn\u00f6pfe f\u00fcr Kinderm\u00f6belschubladen. Diese M\u00f6belgriffe sind sehr preiswert und geben dem Raum eine sch\u00f6ne Atmosph\u00e4re. Dieses besondere Modell ist MOD 726 M\u00f6belknopf ABS Kreis Farben | M\u00f6belgriff M\u00f6bel kindlich judenlich<\/p>\n","protected":false},"excerpt":{"rendered":"<p>Farbig lackierte Kunststoffkn\u00f6pfe f\u00fcr Kinderm\u00f6belschubladen. Diese M\u00f6belgriffe sind sehr preiswert und geben dem Raum eine sch\u00f6ne Atmosph\u00e4re. Dieses besondere Modell ist MOD 726 M\u00f6belknopf ABS Kreis Farben | M\u00f6belgriff M\u00f6bel kindlich judenlich<\/p>\n","protected":false},"featured_media":409527,"template":"","meta":{"_joinchat":[]},"product_brand":[],"product_cat":[993],"product_tag":[],"class_list":{"0":"post-322778","1":"product","2":"type-product","3":"status-publish","4":"has-post-thumbnail","6":"product_cat-knopfe-kindermobel-baby-schubladen","7":"pa_color-pistazie-grun-schrankknopfe-griffe-wandhaken-turhaken-mobelbeine","8":"pa_tendencia-jugendschrankgriffe-mobelgriffe-fur-jugendliche","10":"first","11":"instock","12":"taxable","13":"shipping-taxable","14":"purchasable","15":"product-type-variable","16":"has-default-attributes","17":"wvs-archive-product-wrapper"},"_links":{"self":[{"href":"https:\/\/www.pomoline.com\/de\/wp-json\/wp\/v2\/product\/322778","targetHints":{"allow":["GET"]}}],"collection":[{"href":"https:\/\/www.pomoline.com\/de\/wp-json\/wp\/v2\/product"}],"about":[{"href":"https:\/\/www.pomoline.com\/de\/wp-json\/wp\/v2\/types\/product"}],"wp:featuredmedia":[{"embeddable":true,"href":"https:\/\/www.pomoline.com\/de\/wp-json\/wp\/v2\/media\/409527"}],"wp:attachment":[{"href":"https:\/\/www.pomoline.com\/de\/wp-json\/wp\/v2\/media?parent=322778"}],"wp:term":[{"taxonomy":"product_brand","embeddable":true,"href":"https:\/\/www.pomoline.com\/de\/wp-json\/wp\/v2\/product_brand?post=322778"},{"taxonomy":"product_cat","embeddable":true,"href":"https:\/\/www.pomoline.com\/de\/wp-json\/wp\/v2\/product_cat?post=322778"},{"taxonomy":"product_tag","embeddable":true,"href":"https:\/\/www.pomoline.com\/de\/wp-json\/wp\/v2\/product_tag?post=322778"}],"curies":[{"name":"wp","href":"https:\/\/api.w.org\/{rel}","templated":true}]}}