{"id":322806,"date":"2024-04-27T13:04:31","date_gmt":"2024-04-27T11:04:31","guid":{"rendered":"https:\/\/www.pomoline.com\/web-pruebas\/producto\/tirador-nube-abs-pintado-colores-asa-mueble-bebe-infantil\/"},"modified":"2025-03-13T23:19:45","modified_gmt":"2025-03-13T22:19:45","slug":"mobelknopf-wolke-abs-gemalt-farben-griff-mobel-baby-kindlich","status":"publish","type":"product","link":"https:\/\/www.pomoline.com\/de\/produkt\/mobelknopf-wolke-abs-gemalt-farben-griff-mobel-baby-kindlich\/","title":{"rendered":"M\u00d6BELKNOPF WOLKE ABS GEMALT FARBEN |GRIFF M\u00d6BEL BABY KINDLICH"},"content":{"rendered":"<p>Farbig lackierte Kunststoffkn\u00f6pfe f\u00fcr Kinderm\u00f6belschubladen. Diese M\u00f6belgriffe sind sehr preiswert und geben dem Raum eine sch\u00f6ne Atmosph\u00e4re. Dieses besondere Modell ist MOD 716 M\u00f6belgriff Wolke ABS gemalt Farben | Griff M\u00f6bel Baby kindlich<\/p>\n","protected":false},"excerpt":{"rendered":"<p>Farbig lackierte Kunststoffkn\u00f6pfe f\u00fcr Kinderm\u00f6belschubladen. Diese M\u00f6belgriffe sind sehr preiswert und geben dem Raum eine sch\u00f6ne Atmosph\u00e4re. Dieses besondere Modell ist MOD 716 M\u00f6belgriff Wolke ABS gemalt Farben | Griff M\u00f6bel Baby kindlich<\/p>\n","protected":false},"featured_media":409498,"template":"","meta":{"_joinchat":[]},"product_brand":[],"product_cat":[5358,993,5355],"product_tag":[],"class_list":{"0":"post-322806","1":"product","2":"type-product","3":"status-publish","4":"has-post-thumbnail","6":"product_cat-ofertas-de","7":"product_cat-knopfe-kindermobel-baby-schubladen","8":"product_cat-ofertas","9":"pa_color-hellblau-schrankgriffe-griffe-wandaufhanger-turhaken-mobelbeine","10":"pa_color-pink-schrank-knauf-griffe-wandaufhanger-turhaken-mobel-beine","11":"pa_distancia-agujeros-tornillos-tiradores-32-mm-entre-centros-de-tornillos-cajon-puerta-mueble-de","12":"pa_tendencia-baby-schrank-griffe-mobel-griffe-fur-kinder-kind","14":"first","15":"instock","16":"sale","17":"taxable","18":"shipping-taxable","19":"purchasable","20":"product-type-variable","21":"has-default-attributes","22":"wvs-archive-product-wrapper"},"_links":{"self":[{"href":"https:\/\/www.pomoline.com\/de\/wp-json\/wp\/v2\/product\/322806","targetHints":{"allow":["GET"]}}],"collection":[{"href":"https:\/\/www.pomoline.com\/de\/wp-json\/wp\/v2\/product"}],"about":[{"href":"https:\/\/www.pomoline.com\/de\/wp-json\/wp\/v2\/types\/product"}],"wp:featuredmedia":[{"embeddable":true,"href":"https:\/\/www.pomoline.com\/de\/wp-json\/wp\/v2\/media\/409498"}],"wp:attachment":[{"href":"https:\/\/www.pomoline.com\/de\/wp-json\/wp\/v2\/media?parent=322806"}],"wp:term":[{"taxonomy":"product_brand","embeddable":true,"href":"https:\/\/www.pomoline.com\/de\/wp-json\/wp\/v2\/product_brand?post=322806"},{"taxonomy":"product_cat","embeddable":true,"href":"https:\/\/www.pomoline.com\/de\/wp-json\/wp\/v2\/product_cat?post=322806"},{"taxonomy":"product_tag","embeddable":true,"href":"https:\/\/www.pomoline.com\/de\/wp-json\/wp\/v2\/product_tag?post=322806"}],"curies":[{"name":"wp","href":"https:\/\/api.w.org\/{rel}","templated":true}]}}