{"id":322818,"date":"2024-04-27T13:04:49","date_gmt":"2024-04-27T11:04:49","guid":{"rendered":"https:\/\/www.pomoline.com\/web-pruebas\/producto\/tirador-pomo-de-mueble-jirafa-amarilla-resina-diseno-infantil-ninos\/"},"modified":"2025-03-13T23:18:57","modified_gmt":"2025-03-13T22:18:57","slug":"mobelknopf-knopf-von-mobel-giraffe-gelb-harz-design-kindlich-kinder","status":"publish","type":"product","link":"https:\/\/www.pomoline.com\/de\/produkt\/mobelknopf-knopf-von-mobel-giraffe-gelb-harz-design-kindlich-kinder\/","title":{"rendered":"M\u00d6BELKNOPF KNOPF VON M\u00d6BEL GIRAFFE GELB HARZ DESIGN KINDLICH KINDER"},"content":{"rendered":"<p>M\u00f6belkn\u00f6pfe aus gealtertem Harz mit Vintage Patina. Ideal f\u00fcr Schubladen von klassischen M\u00f6beln. Dieses besondere Modell ist MOD 709 Griff M\u00f6belknopf Giraffe gelb Harz Design kindlich Kinder<\/p>\n","protected":false},"excerpt":{"rendered":"<p>M\u00f6belkn\u00f6pfe aus gealtertem Harz mit Vintage Patina. Ideal f\u00fcr Schubladen von klassischen M\u00f6beln. Dieses besondere Modell ist MOD 709 Griff M\u00f6belknopf Giraffe gelb Harz Design kindlich Kinder<\/p>\n","protected":false},"featured_media":409486,"template":"","meta":{"_joinchat":[]},"product_brand":[],"product_cat":[5358,993,5355],"product_tag":[],"class_list":{"0":"post-322818","1":"product","2":"type-product","3":"status-publish","4":"has-post-thumbnail","6":"product_cat-ofertas-de","7":"product_cat-knopfe-kindermobel-baby-schubladen","8":"product_cat-ofertas","9":"pa_color-gelb-schrank-griffe-griffe-wandaufhanger-turhaken-mobel-beine","10":"pa_tendencia-kinderschrank-griffe-mobelgriffe-fur-kind","12":"first","13":"instock","14":"sale","15":"taxable","16":"shipping-taxable","17":"purchasable","18":"product-type-variable","19":"has-default-attributes","20":"wvs-archive-product-wrapper"},"_links":{"self":[{"href":"https:\/\/www.pomoline.com\/de\/wp-json\/wp\/v2\/product\/322818","targetHints":{"allow":["GET"]}}],"collection":[{"href":"https:\/\/www.pomoline.com\/de\/wp-json\/wp\/v2\/product"}],"about":[{"href":"https:\/\/www.pomoline.com\/de\/wp-json\/wp\/v2\/types\/product"}],"wp:featuredmedia":[{"embeddable":true,"href":"https:\/\/www.pomoline.com\/de\/wp-json\/wp\/v2\/media\/409486"}],"wp:attachment":[{"href":"https:\/\/www.pomoline.com\/de\/wp-json\/wp\/v2\/media?parent=322818"}],"wp:term":[{"taxonomy":"product_brand","embeddable":true,"href":"https:\/\/www.pomoline.com\/de\/wp-json\/wp\/v2\/product_brand?post=322818"},{"taxonomy":"product_cat","embeddable":true,"href":"https:\/\/www.pomoline.com\/de\/wp-json\/wp\/v2\/product_cat?post=322818"},{"taxonomy":"product_tag","embeddable":true,"href":"https:\/\/www.pomoline.com\/de\/wp-json\/wp\/v2\/product_tag?post=322818"}],"curies":[{"name":"wp","href":"https:\/\/api.w.org\/{rel}","templated":true}]}}