{"id":322838,"date":"2024-04-27T13:05:18","date_gmt":"2024-04-27T11:05:18","guid":{"rendered":"https:\/\/www.pomoline.com\/web-pruebas\/producto\/pomo-tirador-flor-madera-mueble-bebe-decape-shabby-chic\/"},"modified":"2025-03-13T23:17:33","modified_gmt":"2025-03-13T22:17:33","slug":"knopf-mobelknopf-blume-holz-mobel-baby-beizen-shabby-chic","status":"publish","type":"product","link":"https:\/\/www.pomoline.com\/de\/produkt\/knopf-mobelknopf-blume-holz-mobel-baby-beizen-shabby-chic\/","title":{"rendered":"KNOPF M\u00d6BELKNOPF BLUME HOLZ M\u00d6BEL BABY | BEIZEN SHABBY CHIC"},"content":{"rendered":"<p>Babym\u00f6belkn\u00f6pfe f\u00fcr Shabby Chic M\u00f6bel aus verschlissen Holz und M\u00f6belgriffe f\u00fcr pastellfarbene Schubladen. Dieses besondere Modell ist MOD 698S M\u00f6belknopf M\u00f6belgriff Blume Holz M\u00f6bel Baby | decape shabby chic<\/p>\n","protected":false},"excerpt":{"rendered":"<p>Babym\u00f6belkn\u00f6pfe f\u00fcr Shabby Chic M\u00f6bel aus verschlissen Holz und M\u00f6belgriffe f\u00fcr pastellfarbene Schubladen. Dieses besondere Modell ist MOD 698S M\u00f6belknopf M\u00f6belgriff Blume Holz M\u00f6bel Baby | decape shabby chic<\/p>\n","protected":false},"featured_media":409466,"template":"","meta":{"_joinchat":[]},"product_brand":[],"product_cat":[993],"product_tag":[],"class_list":{"0":"post-322838","1":"product","2":"type-product","3":"status-publish","4":"has-post-thumbnail","6":"product_cat-knopfe-kindermobel-baby-schubladen","7":"pa_color-grun-schrank-griffe-griffe-wandaufhanger-turhaken-mobel-beine","8":"pa_color-weis-schrank-griffe-griffe-wandhaken-turhaken-mobelbeine","9":"pa_color-blau-schrank-knauf-griffe-wandaufhanger-turhaken-mobel-beine","10":"pa_color-pink-schrank-knauf-griffe-wandaufhanger-turhaken-mobel-beine","11":"pa_color-sand-schrank-griffe-griffe-wandhaken-turhaken-mobel-beine","12":"pa_tendencia-blumenknopfe-fur-mobelschublade","14":"first","15":"instock","16":"taxable","17":"shipping-taxable","18":"purchasable","19":"product-type-variable","20":"has-default-attributes","21":"wvs-archive-product-wrapper"},"_links":{"self":[{"href":"https:\/\/www.pomoline.com\/de\/wp-json\/wp\/v2\/product\/322838","targetHints":{"allow":["GET"]}}],"collection":[{"href":"https:\/\/www.pomoline.com\/de\/wp-json\/wp\/v2\/product"}],"about":[{"href":"https:\/\/www.pomoline.com\/de\/wp-json\/wp\/v2\/types\/product"}],"wp:featuredmedia":[{"embeddable":true,"href":"https:\/\/www.pomoline.com\/de\/wp-json\/wp\/v2\/media\/409466"}],"wp:attachment":[{"href":"https:\/\/www.pomoline.com\/de\/wp-json\/wp\/v2\/media?parent=322838"}],"wp:term":[{"taxonomy":"product_brand","embeddable":true,"href":"https:\/\/www.pomoline.com\/de\/wp-json\/wp\/v2\/product_brand?post=322838"},{"taxonomy":"product_cat","embeddable":true,"href":"https:\/\/www.pomoline.com\/de\/wp-json\/wp\/v2\/product_cat?post=322838"},{"taxonomy":"product_tag","embeddable":true,"href":"https:\/\/www.pomoline.com\/de\/wp-json\/wp\/v2\/product_tag?post=322838"}],"curies":[{"name":"wp","href":"https:\/\/api.w.org\/{rel}","templated":true}]}}