{"id":322842,"date":"2024-04-27T13:05:25","date_gmt":"2024-04-27T11:05:25","guid":{"rendered":"https:\/\/www.pomoline.com\/web-pruebas\/producto\/pomo-corazon-purpurina-tirador-mueble-infantil-juvenil\/"},"modified":"2025-03-13T23:17:18","modified_gmt":"2025-03-13T22:17:18","slug":"knopf-herz-glitzer-mobelknopf-mobel-kindlich-jugendlich","status":"publish","type":"product","link":"https:\/\/www.pomoline.com\/de\/produkt\/knopf-herz-glitzer-mobelknopf-mobel-kindlich-jugendlich\/","title":{"rendered":"KNOPF HERZ GLITZER | M\u00d6BELKNOPF M\u00d6BEL KINDLICH JUGENDLICH"},"content":{"rendered":"<p>M\u00f6belkn\u00f6pfe aus gealtertem Harz mit Vintage Patina. Ideal f\u00fcr Schubladen von klassischen M\u00f6beln. Dieses besondere Modell ist MOD 691 M\u00f6belknopf Herz Glitter | M\u00f6belgriff M\u00f6bel kindlich judenlich<\/p>\n","protected":false},"excerpt":{"rendered":"<p>M\u00f6belkn\u00f6pfe aus gealtertem Harz mit Vintage Patina. Ideal f\u00fcr Schubladen von klassischen M\u00f6beln. Dieses besondere Modell ist MOD 691 M\u00f6belknopf Herz Glitter | M\u00f6belgriff M\u00f6bel kindlich judenlich<\/p>\n","protected":false},"featured_media":409462,"template":"","meta":{"_joinchat":[]},"product_brand":[],"product_cat":[5358,993,5355],"product_tag":[],"class_list":{"0":"post-322842","1":"product","2":"type-product","3":"status-publish","4":"has-post-thumbnail","6":"product_cat-ofertas-de","7":"product_cat-knopfe-kindermobel-baby-schubladen","8":"product_cat-ofertas","9":"pa_color-pink-schrank-knauf-griffe-wandaufhanger-turhaken-mobel-beine","10":"pa_tendencia-kinderschrank-griffe-mobelgriffe-fur-kind","12":"first","13":"instock","14":"sale","15":"taxable","16":"shipping-taxable","17":"purchasable","18":"product-type-variable","19":"has-default-attributes","20":"wvs-archive-product-wrapper"},"_links":{"self":[{"href":"https:\/\/www.pomoline.com\/de\/wp-json\/wp\/v2\/product\/322842","targetHints":{"allow":["GET"]}}],"collection":[{"href":"https:\/\/www.pomoline.com\/de\/wp-json\/wp\/v2\/product"}],"about":[{"href":"https:\/\/www.pomoline.com\/de\/wp-json\/wp\/v2\/types\/product"}],"wp:featuredmedia":[{"embeddable":true,"href":"https:\/\/www.pomoline.com\/de\/wp-json\/wp\/v2\/media\/409462"}],"wp:attachment":[{"href":"https:\/\/www.pomoline.com\/de\/wp-json\/wp\/v2\/media?parent=322842"}],"wp:term":[{"taxonomy":"product_brand","embeddable":true,"href":"https:\/\/www.pomoline.com\/de\/wp-json\/wp\/v2\/product_brand?post=322842"},{"taxonomy":"product_cat","embeddable":true,"href":"https:\/\/www.pomoline.com\/de\/wp-json\/wp\/v2\/product_cat?post=322842"},{"taxonomy":"product_tag","embeddable":true,"href":"https:\/\/www.pomoline.com\/de\/wp-json\/wp\/v2\/product_tag?post=322842"}],"curies":[{"name":"wp","href":"https:\/\/api.w.org\/{rel}","templated":true}]}}