{"id":322862,"date":"2024-04-27T13:05:54","date_gmt":"2024-04-27T11:05:54","guid":{"rendered":"https:\/\/www.pomoline.com\/web-pruebas\/producto\/tirador-estrella-pomo-para-mueble-infantil-metacrilato-colores\/"},"modified":"2025-03-13T23:15:51","modified_gmt":"2025-03-13T22:15:51","slug":"mobelknopfe-stern-knopf-fur-mobel-kindlich-metacrylat-farben","status":"publish","type":"product","link":"https:\/\/www.pomoline.com\/de\/produkt\/mobelknopfe-stern-knopf-fur-mobel-kindlich-metacrylat-farben\/","title":{"rendered":"M\u00d6BELKN\u00d6PFE STERN KNOPF F\u00dcR M\u00d6BEL KINDLICH | METACRYLAT FARBEN"},"content":{"rendered":"<p>M\u00f6belkn\u00f6pfe und M\u00f6belgriffe Farben f\u00fcr Schubladen M\u00f6bel kindlich. Sie wurden mit Materialien wie Methacrylat entworfen, die dem Kinderzimmer eine helle und farbenfrohe Note verleihen. Dieses besondere Modell ist MOD 667 M\u00f6belgriff Stern M\u00f6belknopf f\u00fcr M<\/p>\n","protected":false},"excerpt":{"rendered":"<p>M\u00f6belkn\u00f6pfe und M\u00f6belgriffe Farben f\u00fcr Schubladen M\u00f6bel kindlich. Sie wurden mit Materialien wie Methacrylat entworfen, die dem Kinderzimmer eine helle und farbenfrohe Note verleihen. Dieses besondere Modell ist MOD 667 M\u00f6belgriff Stern M\u00f6belknopf f\u00fcr M<\/p>\n","protected":false},"featured_media":409442,"template":"","meta":{"_joinchat":[]},"product_brand":[],"product_cat":[993],"product_tag":[],"class_list":{"0":"post-322862","1":"product","2":"type-product","3":"status-publish","4":"has-post-thumbnail","6":"product_cat-knopfe-kindermobel-baby-schubladen","7":"pa_color-blau-schrank-knauf-griffe-wandaufhanger-turhaken-mobel-beine","8":"pa_color-lila-schrankknopfe-griffe-wandhaken-turhaken-mobelbeine","9":"pa_color-magenta-schrank-knauf-griffe-wandaufhanger-turhaken-mobel-beine","10":"pa_color-orange-schrank-griffe-griffe-wandaufhanger-turhaken-mobel-beine","11":"pa_tendencia-pop-schrank-griffe-und-knopfe","13":"first","14":"instock","15":"taxable","16":"shipping-taxable","17":"purchasable","18":"product-type-variable","19":"has-default-attributes","20":"wvs-archive-product-wrapper"},"_links":{"self":[{"href":"https:\/\/www.pomoline.com\/de\/wp-json\/wp\/v2\/product\/322862","targetHints":{"allow":["GET"]}}],"collection":[{"href":"https:\/\/www.pomoline.com\/de\/wp-json\/wp\/v2\/product"}],"about":[{"href":"https:\/\/www.pomoline.com\/de\/wp-json\/wp\/v2\/types\/product"}],"wp:featuredmedia":[{"embeddable":true,"href":"https:\/\/www.pomoline.com\/de\/wp-json\/wp\/v2\/media\/409442"}],"wp:attachment":[{"href":"https:\/\/www.pomoline.com\/de\/wp-json\/wp\/v2\/media?parent=322862"}],"wp:term":[{"taxonomy":"product_brand","embeddable":true,"href":"https:\/\/www.pomoline.com\/de\/wp-json\/wp\/v2\/product_brand?post=322862"},{"taxonomy":"product_cat","embeddable":true,"href":"https:\/\/www.pomoline.com\/de\/wp-json\/wp\/v2\/product_cat?post=322862"},{"taxonomy":"product_tag","embeddable":true,"href":"https:\/\/www.pomoline.com\/de\/wp-json\/wp\/v2\/product_tag?post=322862"}],"curies":[{"name":"wp","href":"https:\/\/api.w.org\/{rel}","templated":true}]}}