{"id":322874,"date":"2024-04-27T13:06:07","date_gmt":"2024-04-27T11:06:07","guid":{"rendered":"https:\/\/www.pomoline.com\/web-pruebas\/producto\/tirador-corazon-pomo-para-mueble-infantil-metacrilato-colores\/"},"modified":"2025-03-13T23:15:03","modified_gmt":"2025-03-13T22:15:03","slug":"mobelknopf-herz-knopf-fur-mobel-kindlich-metacrylat-farben","status":"publish","type":"product","link":"https:\/\/www.pomoline.com\/de\/produkt\/mobelknopf-herz-knopf-fur-mobel-kindlich-metacrylat-farben\/","title":{"rendered":"M\u00d6BELKNOPF HERZ KNOPF F\u00dcR M\u00d6BEL KINDLICH | METACRYLAT FARBEN"},"content":{"rendered":"<p>M\u00f6belkn\u00f6pfe und M\u00f6belgriffe Farben f\u00fcr Schubladen M\u00f6bel kindlich. Sie wurden mit Materialien wie Methacrylat entworfen, die dem Kinderzimmer eine helle und farbenfrohe Note verleihen. Dieses besondere Modell ist MOD 666 M\u00f6belgriff Herz M\u00f6belknopf f\u00fcr M\u00f6b<\/p>\n","protected":false},"excerpt":{"rendered":"<p>M\u00f6belkn\u00f6pfe und M\u00f6belgriffe Farben f\u00fcr Schubladen M\u00f6bel kindlich. Sie wurden mit Materialien wie Methacrylat entworfen, die dem Kinderzimmer eine helle und farbenfrohe Note verleihen. Dieses besondere Modell ist MOD 666 M\u00f6belgriff Herz M\u00f6belknopf f\u00fcr M\u00f6b<\/p>\n","protected":false},"featured_media":409430,"template":"","meta":{"_joinchat":[]},"product_brand":[],"product_cat":[993],"product_tag":[],"class_list":{"0":"post-322874","1":"product","2":"type-product","3":"status-publish","4":"has-post-thumbnail","6":"product_cat-knopfe-kindermobel-baby-schubladen","7":"pa_color-blau-schrank-knauf-griffe-wandaufhanger-turhaken-mobel-beine","8":"pa_color-lila-schrankknopfe-griffe-wandhaken-turhaken-mobelbeine","9":"pa_color-orange-schrank-griffe-griffe-wandaufhanger-turhaken-mobel-beine","10":"pa_color-pistazie-grun-schrankknopfe-griffe-wandhaken-turhaken-mobelbeine","11":"pa_tendencia-pop-schrank-griffe-und-knopfe","13":"first","14":"instock","15":"taxable","16":"shipping-taxable","17":"purchasable","18":"product-type-variable","19":"has-default-attributes","20":"wvs-archive-product-wrapper"},"_links":{"self":[{"href":"https:\/\/www.pomoline.com\/de\/wp-json\/wp\/v2\/product\/322874","targetHints":{"allow":["GET"]}}],"collection":[{"href":"https:\/\/www.pomoline.com\/de\/wp-json\/wp\/v2\/product"}],"about":[{"href":"https:\/\/www.pomoline.com\/de\/wp-json\/wp\/v2\/types\/product"}],"wp:featuredmedia":[{"embeddable":true,"href":"https:\/\/www.pomoline.com\/de\/wp-json\/wp\/v2\/media\/409430"}],"wp:attachment":[{"href":"https:\/\/www.pomoline.com\/de\/wp-json\/wp\/v2\/media?parent=322874"}],"wp:term":[{"taxonomy":"product_brand","embeddable":true,"href":"https:\/\/www.pomoline.com\/de\/wp-json\/wp\/v2\/product_brand?post=322874"},{"taxonomy":"product_cat","embeddable":true,"href":"https:\/\/www.pomoline.com\/de\/wp-json\/wp\/v2\/product_cat?post=322874"},{"taxonomy":"product_tag","embeddable":true,"href":"https:\/\/www.pomoline.com\/de\/wp-json\/wp\/v2\/product_tag?post=322874"}],"curies":[{"name":"wp","href":"https:\/\/api.w.org\/{rel}","templated":true}]}}