{"id":322890,"date":"2024-04-27T13:06:24","date_gmt":"2024-04-27T11:06:24","guid":{"rendered":"https:\/\/www.pomoline.com\/web-pruebas\/producto\/tirador-pomo-de-mueble-bola-botones-colores-nacar-incrustado\/"},"modified":"2025-03-13T23:13:57","modified_gmt":"2025-03-13T22:13:57","slug":"mobelknopf-knopf-von-mobel-kugel-kleidungknopfe-farben-perlmutt-eingebettet","status":"publish","type":"product","link":"https:\/\/www.pomoline.com\/de\/produkt\/mobelknopf-knopf-von-mobel-kugel-kleidungknopfe-farben-perlmutt-eingebettet\/","title":{"rendered":"M\u00d6BELKNOPF KNOPF VON M\u00d6BEL KUGEL KLEIDUNGKN\u00d6PFE FARBEN PERLMUTT EINGEBETTET"},"content":{"rendered":"<p>M\u00f6belkn\u00f6pfe aus gealtertem Harz mit Vintage Patina. Ideal f\u00fcr Schubladen von klassischen M\u00f6beln. Dieses besondere Modell ist MOD 660 Griff M\u00f6belknopf Kugel Kleidungkn\u00f6pfe Farben Perlmutt eingebettet<\/p>\n","protected":false},"excerpt":{"rendered":"<p>M\u00f6belkn\u00f6pfe aus gealtertem Harz mit Vintage Patina. Ideal f\u00fcr Schubladen von klassischen M\u00f6beln. Dieses besondere Modell ist MOD 660 Griff M\u00f6belknopf Kugel Kleidungkn\u00f6pfe Farben Perlmutt eingebettet<\/p>\n","protected":false},"featured_media":409414,"template":"","meta":{"_joinchat":[]},"product_brand":[],"product_cat":[993],"product_tag":[],"class_list":{"0":"post-322890","1":"product","2":"type-product","3":"status-publish","4":"has-post-thumbnail","6":"product_cat-knopfe-kindermobel-baby-schubladen","7":"pa_color-weis-schrank-griffe-griffe-wandhaken-turhaken-mobelbeine","8":"pa_color-magenta-schrank-knauf-griffe-wandaufhanger-turhaken-mobel-beine","9":"pa_color-perlmutt-schrank-knaufe-griffe-wandaufhanger-turhaken-mobel-beine","10":"pa_tendencia-retro-mobel-griffe-knopfe","12":"first","13":"instock","14":"taxable","15":"shipping-taxable","16":"purchasable","17":"product-type-variable","18":"has-default-attributes","19":"wvs-archive-product-wrapper"},"_links":{"self":[{"href":"https:\/\/www.pomoline.com\/de\/wp-json\/wp\/v2\/product\/322890","targetHints":{"allow":["GET"]}}],"collection":[{"href":"https:\/\/www.pomoline.com\/de\/wp-json\/wp\/v2\/product"}],"about":[{"href":"https:\/\/www.pomoline.com\/de\/wp-json\/wp\/v2\/types\/product"}],"wp:featuredmedia":[{"embeddable":true,"href":"https:\/\/www.pomoline.com\/de\/wp-json\/wp\/v2\/media\/409414"}],"wp:attachment":[{"href":"https:\/\/www.pomoline.com\/de\/wp-json\/wp\/v2\/media?parent=322890"}],"wp:term":[{"taxonomy":"product_brand","embeddable":true,"href":"https:\/\/www.pomoline.com\/de\/wp-json\/wp\/v2\/product_brand?post=322890"},{"taxonomy":"product_cat","embeddable":true,"href":"https:\/\/www.pomoline.com\/de\/wp-json\/wp\/v2\/product_cat?post=322890"},{"taxonomy":"product_tag","embeddable":true,"href":"https:\/\/www.pomoline.com\/de\/wp-json\/wp\/v2\/product_tag?post=322890"}],"curies":[{"name":"wp","href":"https:\/\/api.w.org\/{rel}","templated":true}]}}