{"id":322894,"date":"2024-04-27T13:06:30","date_gmt":"2024-04-27T11:06:30","guid":{"rendered":"https:\/\/www.pomoline.com\/web-pruebas\/producto\/tirador-asa-96mm-de-mueble-colores-diseno-infantil-juvenil\/"},"modified":"2025-03-13T23:13:39","modified_gmt":"2025-03-13T22:13:39","slug":"mobelknopf-griff-96mm-aus-mobel-farben-design-kindlich-jugendlich","status":"publish","type":"product","link":"https:\/\/www.pomoline.com\/de\/produkt\/mobelknopf-griff-96mm-aus-mobel-farben-design-kindlich-jugendlich\/","title":{"rendered":"M\u00d6BELKNOPF GRIFF 96MM AUS M\u00d6BEL FARBEN DESIGN KINDLICH JUGENDLICH"},"content":{"rendered":"<p>Farbig lackierte Kunststoffkn\u00f6pfe f\u00fcr Kinderm\u00f6belschubladen. Diese M\u00f6belgriffe sind sehr preiswert und geben dem Raum eine sch\u00f6ne Atmosph\u00e4re. Dieses besondere Modell ist MOD 627 M\u00f6belknopf Griff 96mm de M\u00f6bel Farben Design kindlich judenlich<\/p>\n","protected":false},"excerpt":{"rendered":"<p>Farbig lackierte Kunststoffkn\u00f6pfe f\u00fcr Kinderm\u00f6belschubladen. Diese M\u00f6belgriffe sind sehr preiswert und geben dem Raum eine sch\u00f6ne Atmosph\u00e4re. Dieses besondere Modell ist MOD 627 M\u00f6belknopf Griff 96mm de M\u00f6bel Farben Design kindlich judenlich<\/p>\n","protected":false},"featured_media":409410,"template":"","meta":{"_joinchat":[]},"product_brand":[],"product_cat":[993],"product_tag":[],"class_list":{"0":"post-322894","1":"product","2":"type-product","3":"status-publish","4":"has-post-thumbnail","6":"product_cat-knopfe-kindermobel-baby-schubladen","7":"pa_color-grun-schrank-griffe-griffe-wandaufhanger-turhaken-mobel-beine","8":"pa_color-schwarz-schrank-griffe-griffe-wandaufhanger-turhaken-mobelbeine","9":"pa_color-weis-schrank-griffe-griffe-wandhaken-turhaken-mobelbeine","10":"pa_color-dunkelblau-schrank-knauf-griffe-wandaufhanger-turhaken-mobel-beine","11":"pa_color-gelb-schrank-griffe-griffe-wandaufhanger-turhaken-mobel-beine","12":"pa_color-blau-schrank-knauf-griffe-wandaufhanger-turhaken-mobel-beine","13":"pa_color-grau-schrank-knauf-griffe-wandaufhanger-turhaken-mobel-beine","14":"pa_color-hellblau-schrankgriffe-griffe-wandaufhanger-turhaken-mobelbeine","15":"pa_color-lila-schrankknopfe-griffe-wandhaken-turhaken-mobelbeine","16":"pa_color-magenta-schrank-knauf-griffe-wandaufhanger-turhaken-mobel-beine","17":"pa_color-orange-schrank-griffe-griffe-wandaufhanger-turhaken-mobel-beine","18":"pa_color-pistazie-grun-schrankknopfe-griffe-wandhaken-turhaken-mobelbeine","19":"pa_color-pink-schrank-knauf-griffe-wandaufhanger-turhaken-mobel-beine","20":"pa_color-rot-schrank-knauf-griffe-wandaufhanger-turhaken-mobel-beine","21":"pa_distancia-agujeros-tornillos-tiradores-96-mm-entre-centros-de-tornillos-cajon-puerta-mueble-de","22":"pa_tendencia-jugendschrankgriffe-mobelgriffe-fur-jugendliche","24":"first","25":"instock","26":"taxable","27":"shipping-taxable","28":"purchasable","29":"product-type-variable","30":"has-default-attributes","31":"wvs-archive-product-wrapper"},"_links":{"self":[{"href":"https:\/\/www.pomoline.com\/de\/wp-json\/wp\/v2\/product\/322894","targetHints":{"allow":["GET"]}}],"collection":[{"href":"https:\/\/www.pomoline.com\/de\/wp-json\/wp\/v2\/product"}],"about":[{"href":"https:\/\/www.pomoline.com\/de\/wp-json\/wp\/v2\/types\/product"}],"wp:featuredmedia":[{"embeddable":true,"href":"https:\/\/www.pomoline.com\/de\/wp-json\/wp\/v2\/media\/409410"}],"wp:attachment":[{"href":"https:\/\/www.pomoline.com\/de\/wp-json\/wp\/v2\/media?parent=322894"}],"wp:term":[{"taxonomy":"product_brand","embeddable":true,"href":"https:\/\/www.pomoline.com\/de\/wp-json\/wp\/v2\/product_brand?post=322894"},{"taxonomy":"product_cat","embeddable":true,"href":"https:\/\/www.pomoline.com\/de\/wp-json\/wp\/v2\/product_cat?post=322894"},{"taxonomy":"product_tag","embeddable":true,"href":"https:\/\/www.pomoline.com\/de\/wp-json\/wp\/v2\/product_tag?post=322894"}],"curies":[{"name":"wp","href":"https:\/\/api.w.org\/{rel}","templated":true}]}}