{"id":322898,"date":"2024-04-27T13:06:37","date_gmt":"2024-04-27T11:06:37","guid":{"rendered":"https:\/\/www.pomoline.com\/web-pruebas\/producto\/pomo-bola-plastico-colores-mate-para-mueble-infantil-y-tirador-cajon\/"},"modified":"2025-03-13T23:13:23","modified_gmt":"2025-03-13T22:13:23","slug":"knopf-kugel-kunststoff-farben-matt-fur-mobel-kindlich-und-mobelknopfechublade","status":"publish","type":"product","link":"https:\/\/www.pomoline.com\/de\/produkt\/knopf-kugel-kunststoff-farben-matt-fur-mobel-kindlich-und-mobelknopfechublade\/","title":{"rendered":"KNOPF KUGEL KUNSTSTOFF FARBEN MATT F\u00dcR M\u00d6BEL KINDLICH UND M\u00d6BELKN\u00d6PFECHUBLADE"},"content":{"rendered":"<p>Farbig lackierte Kunststoffkn\u00f6pfe f\u00fcr Kinderm\u00f6belschubladen. Diese M\u00f6belgriffe sind sehr preiswert und geben dem Raum eine sch\u00f6ne Atmosph\u00e4re. Dieses besondere Modell ist MOD 626X M\u00f6belknopf Kugel Kunststoff Farben matt f\u00fcr M\u00f6bel kindlich und M\u00f6belgriff<\/p>\n","protected":false},"excerpt":{"rendered":"<p>Farbig lackierte Kunststoffkn\u00f6pfe f\u00fcr Kinderm\u00f6belschubladen. Diese M\u00f6belgriffe sind sehr preiswert und geben dem Raum eine sch\u00f6ne Atmosph\u00e4re. Dieses besondere Modell ist MOD 626X M\u00f6belknopf Kugel Kunststoff Farben matt f\u00fcr M\u00f6bel kindlich und M\u00f6belgriff<\/p>\n","protected":false},"featured_media":409406,"template":"","meta":{"_joinchat":[]},"product_brand":[],"product_cat":[993],"product_tag":[],"class_list":{"0":"post-322898","1":"product","2":"type-product","3":"status-publish","4":"has-post-thumbnail","6":"product_cat-knopfe-kindermobel-baby-schubladen","7":"pa_color-schwarz-schrank-griffe-griffe-wandaufhanger-turhaken-mobelbeine","8":"pa_color-weis-schrank-griffe-griffe-wandhaken-turhaken-mobelbeine","9":"pa_color-blau-schrank-knauf-griffe-wandaufhanger-turhaken-mobel-beine","10":"pa_color-lila-schrankknopfe-griffe-wandhaken-turhaken-mobelbeine","11":"pa_color-magenta-schrank-knauf-griffe-wandaufhanger-turhaken-mobel-beine","12":"pa_color-orange-schrank-griffe-griffe-wandaufhanger-turhaken-mobel-beine","13":"pa_color-pistazie-grun-schrankknopfe-griffe-wandhaken-turhaken-mobelbeine","14":"pa_tendencia-schubladen-kugelknauf-fur-mobel","16":"first","17":"instock","18":"taxable","19":"shipping-taxable","20":"purchasable","21":"product-type-variable","22":"has-default-attributes","23":"wvs-archive-product-wrapper"},"_links":{"self":[{"href":"https:\/\/www.pomoline.com\/de\/wp-json\/wp\/v2\/product\/322898","targetHints":{"allow":["GET"]}}],"collection":[{"href":"https:\/\/www.pomoline.com\/de\/wp-json\/wp\/v2\/product"}],"about":[{"href":"https:\/\/www.pomoline.com\/de\/wp-json\/wp\/v2\/types\/product"}],"wp:featuredmedia":[{"embeddable":true,"href":"https:\/\/www.pomoline.com\/de\/wp-json\/wp\/v2\/media\/409406"}],"wp:attachment":[{"href":"https:\/\/www.pomoline.com\/de\/wp-json\/wp\/v2\/media?parent=322898"}],"wp:term":[{"taxonomy":"product_brand","embeddable":true,"href":"https:\/\/www.pomoline.com\/de\/wp-json\/wp\/v2\/product_brand?post=322898"},{"taxonomy":"product_cat","embeddable":true,"href":"https:\/\/www.pomoline.com\/de\/wp-json\/wp\/v2\/product_cat?post=322898"},{"taxonomy":"product_tag","embeddable":true,"href":"https:\/\/www.pomoline.com\/de\/wp-json\/wp\/v2\/product_tag?post=322898"}],"curies":[{"name":"wp","href":"https:\/\/api.w.org\/{rel}","templated":true}]}}