{"id":322910,"date":"2024-04-27T13:06:54","date_gmt":"2024-04-27T11:06:54","guid":{"rendered":"https:\/\/www.pomoline.com\/web-pruebas\/producto\/pomo-tirador-cuadrado-madera-mueble-bebe-decape-shabby-chic\/"},"modified":"2025-03-13T23:12:48","modified_gmt":"2025-03-13T22:12:48","slug":"knopf-mobelknopf-quadratisch-holz-mobel-baby-beizen-shabby-chic","status":"publish","type":"product","link":"https:\/\/www.pomoline.com\/de\/produkt\/knopf-mobelknopf-quadratisch-holz-mobel-baby-beizen-shabby-chic\/","title":{"rendered":"KNOPF M\u00d6BELKNOPF QUADRATISCH HOLZ M\u00d6BEL BABY | BEIZEN SHABBY CHIC"},"content":{"rendered":"<p>Aber wie sch\u00f6n sind diese gealterten Holzgriffe mit verschiedenen Pastellfarben, die durch ihre Originalit\u00e4t auffallen. Sie haben nur eine Schraube, sodass Sie sie an jedem M\u00f6belst\u00fcck anbringen k\u00f6nnen, und sie lassen sich sehr gut mit der restlichen Kinde<\/p>\n","protected":false},"excerpt":{"rendered":"<p>Aber wie sch\u00f6n sind diese gealterten Holzgriffe mit verschiedenen Pastellfarben, die durch ihre Originalit\u00e4t auffallen. Sie haben nur eine Schraube, sodass Sie sie an jedem M\u00f6belst\u00fcck anbringen k\u00f6nnen, und sie lassen sich sehr gut mit der restlichen Kinde<\/p>\n","protected":false},"featured_media":409398,"template":"","meta":{"_joinchat":[]},"product_brand":[],"product_cat":[993],"product_tag":[],"class_list":{"0":"post-322910","1":"product","2":"type-product","3":"status-publish","4":"has-post-thumbnail","6":"product_cat-knopfe-kindermobel-baby-schubladen","7":"pa_color-grun-schrank-griffe-griffe-wandaufhanger-turhaken-mobel-beine","8":"pa_color-weis-schrank-griffe-griffe-wandhaken-turhaken-mobelbeine","9":"pa_color-blau-schrank-knauf-griffe-wandaufhanger-turhaken-mobel-beine","10":"pa_color-pink-schrank-knauf-griffe-wandaufhanger-turhaken-mobel-beine","11":"pa_color-sand-schrank-griffe-griffe-wandhaken-turhaken-mobel-beine","12":"pa_tendencia-baby-schrank-griffe-mobel-griffe-fur-kinder-kind","14":"first","15":"instock","16":"taxable","17":"shipping-taxable","18":"purchasable","19":"product-type-variable","20":"has-default-attributes","21":"wvs-archive-product-wrapper"},"_links":{"self":[{"href":"https:\/\/www.pomoline.com\/de\/wp-json\/wp\/v2\/product\/322910","targetHints":{"allow":["GET"]}}],"collection":[{"href":"https:\/\/www.pomoline.com\/de\/wp-json\/wp\/v2\/product"}],"about":[{"href":"https:\/\/www.pomoline.com\/de\/wp-json\/wp\/v2\/types\/product"}],"wp:featuredmedia":[{"embeddable":true,"href":"https:\/\/www.pomoline.com\/de\/wp-json\/wp\/v2\/media\/409398"}],"wp:attachment":[{"href":"https:\/\/www.pomoline.com\/de\/wp-json\/wp\/v2\/media?parent=322910"}],"wp:term":[{"taxonomy":"product_brand","embeddable":true,"href":"https:\/\/www.pomoline.com\/de\/wp-json\/wp\/v2\/product_brand?post=322910"},{"taxonomy":"product_cat","embeddable":true,"href":"https:\/\/www.pomoline.com\/de\/wp-json\/wp\/v2\/product_cat?post=322910"},{"taxonomy":"product_tag","embeddable":true,"href":"https:\/\/www.pomoline.com\/de\/wp-json\/wp\/v2\/product_tag?post=322910"}],"curies":[{"name":"wp","href":"https:\/\/api.w.org\/{rel}","templated":true}]}}