{"id":322914,"date":"2024-04-27T13:06:58","date_gmt":"2024-04-27T11:06:58","guid":{"rendered":"https:\/\/www.pomoline.com\/web-pruebas\/producto\/tirador-pomo-cuadrado-mueble-colores-infantil-cajon-armario-juvenil\/"},"modified":"2025-03-13T23:12:30","modified_gmt":"2025-03-13T22:12:30","slug":"mobelknopf-knopf-quadratisch-mobel-farben-kindlich-schublade-schrank-jugendlich","status":"publish","type":"product","link":"https:\/\/www.pomoline.com\/de\/produkt\/mobelknopf-knopf-quadratisch-mobel-farben-kindlich-schublade-schrank-jugendlich\/","title":{"rendered":"M\u00d6BELKNOPF KNOPF QUADRATISCH M\u00d6BEL FARBEN KINDLICH SCHUBLADE SCHRANK JUGENDLICH"},"content":{"rendered":"<p>Farbig lackierte Kunststoffkn\u00f6pfe f\u00fcr Kinderm\u00f6belschubladen. Diese M\u00f6belgriffe sind sehr preiswert und geben dem Raum eine sch\u00f6ne Atmosph\u00e4re. Dieses besondere Modell ist MOD 621 M\u00f6belgriff M\u00f6belknopf quadratisch M\u00f6bel Farben kindlich Schublade Schrank j<\/p>\n","protected":false},"excerpt":{"rendered":"<p>Farbig lackierte Kunststoffkn\u00f6pfe f\u00fcr Kinderm\u00f6belschubladen. Diese M\u00f6belgriffe sind sehr preiswert und geben dem Raum eine sch\u00f6ne Atmosph\u00e4re. Dieses besondere Modell ist MOD 621 M\u00f6belgriff M\u00f6belknopf quadratisch M\u00f6bel Farben kindlich Schublade Schrank j<\/p>\n","protected":false},"featured_media":409394,"template":"","meta":{"_joinchat":[]},"product_brand":[],"product_cat":[993],"product_tag":[],"class_list":{"0":"post-322914","1":"product","2":"type-product","3":"status-publish","4":"has-post-thumbnail","6":"product_cat-knopfe-kindermobel-baby-schubladen","7":"pa_color-grun-schrank-griffe-griffe-wandaufhanger-turhaken-mobel-beine","8":"pa_color-gelb-schrank-griffe-griffe-wandaufhanger-turhaken-mobel-beine","9":"pa_color-blau-schrank-knauf-griffe-wandaufhanger-turhaken-mobel-beine","10":"pa_color-eisschrank-knopfe-griffe-wandhanger-turhaken-mobelbeine","11":"pa_color-magenta-schrank-knauf-griffe-wandaufhanger-turhaken-mobel-beine","12":"pa_color-orange-schrank-griffe-griffe-wandaufhanger-turhaken-mobel-beine","13":"pa_color-rot-schrank-knauf-griffe-wandaufhanger-turhaken-mobel-beine","14":"pa_tendencia-jugendschrankgriffe-mobelgriffe-fur-jugendliche","16":"first","17":"instock","18":"taxable","19":"shipping-taxable","20":"purchasable","21":"product-type-variable","22":"has-default-attributes","23":"wvs-archive-product-wrapper"},"_links":{"self":[{"href":"https:\/\/www.pomoline.com\/de\/wp-json\/wp\/v2\/product\/322914","targetHints":{"allow":["GET"]}}],"collection":[{"href":"https:\/\/www.pomoline.com\/de\/wp-json\/wp\/v2\/product"}],"about":[{"href":"https:\/\/www.pomoline.com\/de\/wp-json\/wp\/v2\/types\/product"}],"wp:featuredmedia":[{"embeddable":true,"href":"https:\/\/www.pomoline.com\/de\/wp-json\/wp\/v2\/media\/409394"}],"wp:attachment":[{"href":"https:\/\/www.pomoline.com\/de\/wp-json\/wp\/v2\/media?parent=322914"}],"wp:term":[{"taxonomy":"product_brand","embeddable":true,"href":"https:\/\/www.pomoline.com\/de\/wp-json\/wp\/v2\/product_brand?post=322914"},{"taxonomy":"product_cat","embeddable":true,"href":"https:\/\/www.pomoline.com\/de\/wp-json\/wp\/v2\/product_cat?post=322914"},{"taxonomy":"product_tag","embeddable":true,"href":"https:\/\/www.pomoline.com\/de\/wp-json\/wp\/v2\/product_tag?post=322914"}],"curies":[{"name":"wp","href":"https:\/\/api.w.org\/{rel}","templated":true}]}}