{"id":322918,"date":"2024-04-27T13:07:04","date_gmt":"2024-04-27T11:07:04","guid":{"rendered":"https:\/\/www.pomoline.com\/web-pruebas\/producto\/tirador-96mm-madera-desgastada-mueble-bebe-decape-shabby-chic\/"},"modified":"2025-03-13T23:12:15","modified_gmt":"2025-03-13T22:12:15","slug":"mobelknopf-96mm-holz-verschlissen-mobel-baby-beizen-shabby-chic","status":"publish","type":"product","link":"https:\/\/www.pomoline.com\/de\/produkt\/mobelknopf-96mm-holz-verschlissen-mobel-baby-beizen-shabby-chic\/","title":{"rendered":"M\u00d6BELKNOPF 96MM HOLZ VERSCHLISSEN M\u00d6BEL BABY | BEIZEN SHABBY CHIC"},"content":{"rendered":"<p>Babym\u00f6belkn\u00f6pfe f\u00fcr Shabby Chic M\u00f6bel aus verschlissen Holz und M\u00f6belgriffe f\u00fcr pastellfarbene Schubladen. Dieses besondere Modell ist MOD 620S M\u00f6belgriff 96mm Holz verschlissen M\u00f6bel Baby | decape shabby chic<\/p>\n","protected":false},"excerpt":{"rendered":"<p>Babym\u00f6belkn\u00f6pfe f\u00fcr Shabby Chic M\u00f6bel aus verschlissen Holz und M\u00f6belgriffe f\u00fcr pastellfarbene Schubladen. Dieses besondere Modell ist MOD 620S M\u00f6belgriff 96mm Holz verschlissen M\u00f6bel Baby | decape shabby chic<\/p>\n","protected":false},"featured_media":409390,"template":"","meta":{"_joinchat":[]},"product_brand":[],"product_cat":[993],"product_tag":[],"class_list":{"0":"post-322918","1":"product","2":"type-product","3":"status-publish","4":"has-post-thumbnail","6":"product_cat-knopfe-kindermobel-baby-schubladen","7":"pa_color-grun-schrank-griffe-griffe-wandaufhanger-turhaken-mobel-beine","8":"pa_color-weis-schrank-griffe-griffe-wandhaken-turhaken-mobelbeine","9":"pa_color-blau-schrank-knauf-griffe-wandaufhanger-turhaken-mobel-beine","10":"pa_color-pink-schrank-knauf-griffe-wandaufhanger-turhaken-mobel-beine","11":"pa_color-sand-schrank-griffe-griffe-wandhaken-turhaken-mobel-beine","12":"pa_distancia-agujeros-tornillos-tiradores-96-mm-entre-centros-de-tornillos-cajon-puerta-mueble-de","13":"pa_tendencia-baby-schrank-griffe-mobel-griffe-fur-kinder-kind","14":"pa_tendencia-jugendschrankgriffe-mobelgriffe-fur-jugendliche","16":"first","17":"instock","18":"taxable","19":"shipping-taxable","20":"purchasable","21":"product-type-variable","22":"has-default-attributes","23":"wvs-archive-product-wrapper"},"_links":{"self":[{"href":"https:\/\/www.pomoline.com\/de\/wp-json\/wp\/v2\/product\/322918","targetHints":{"allow":["GET"]}}],"collection":[{"href":"https:\/\/www.pomoline.com\/de\/wp-json\/wp\/v2\/product"}],"about":[{"href":"https:\/\/www.pomoline.com\/de\/wp-json\/wp\/v2\/types\/product"}],"wp:featuredmedia":[{"embeddable":true,"href":"https:\/\/www.pomoline.com\/de\/wp-json\/wp\/v2\/media\/409390"}],"wp:attachment":[{"href":"https:\/\/www.pomoline.com\/de\/wp-json\/wp\/v2\/media?parent=322918"}],"wp:term":[{"taxonomy":"product_brand","embeddable":true,"href":"https:\/\/www.pomoline.com\/de\/wp-json\/wp\/v2\/product_brand?post=322918"},{"taxonomy":"product_cat","embeddable":true,"href":"https:\/\/www.pomoline.com\/de\/wp-json\/wp\/v2\/product_cat?post=322918"},{"taxonomy":"product_tag","embeddable":true,"href":"https:\/\/www.pomoline.com\/de\/wp-json\/wp\/v2\/product_tag?post=322918"}],"curies":[{"name":"wp","href":"https:\/\/api.w.org\/{rel}","templated":true}]}}