{"id":322926,"date":"2024-04-27T13:07:14","date_gmt":"2024-04-27T11:07:14","guid":{"rendered":"https:\/\/www.pomoline.com\/web-pruebas\/producto\/tacos-contera-tapon-goma-con-arandela-para-baston-y-muleta\/"},"modified":"2025-03-13T23:11:41","modified_gmt":"2025-03-13T22:11:41","slug":"dubel-kappen-schutzkappen-gummi-mit-scheibe-fur-stock-und-krucke","status":"publish","type":"product","link":"https:\/\/www.pomoline.com\/de\/produkt\/dubel-kappen-schutzkappen-gummi-mit-scheibe-fur-stock-und-krucke\/","title":{"rendered":"D\u00dcBEL KAPPEN SCHUTZKAPPEN GUMMI MIT SCHEIBE F\u00dcR STOCK UND KR\u00dcCKE"},"content":{"rendered":"<p>Stopfen, D\u00fcbel und Endkappe zum Abdecken der Enden der R\u00f6hren oder Beine von St\u00fchle und Tische. Dieses besondere Modell ist MOD 6104 D\u00fcbel Endkappe Stopfen Gummi mit Scheibe f\u00fcr Stock und Kr\u00fccke<\/p>\n","protected":false},"excerpt":{"rendered":"<p>Stopfen, D\u00fcbel und Endkappe zum Abdecken der Enden der R\u00f6hren oder Beine von St\u00fchle und Tische. Dieses besondere Modell ist MOD 6104 D\u00fcbel Endkappe Stopfen Gummi mit Scheibe f\u00fcr Stock und Kr\u00fccke<\/p>\n","protected":false},"featured_media":409382,"template":"","meta":{"_joinchat":[]},"product_brand":[],"product_cat":[1029],"product_tag":[],"class_list":{"0":"post-322926","1":"product","2":"type-product","3":"status-publish","4":"has-post-thumbnail","6":"product_cat-zubehor-mobel-filze-schutzkappen-schieberegler-antirutsch-schraubabdeckungen","7":"pa_color-schwarz-schrank-griffe-griffe-wandaufhanger-turhaken-mobelbeine","8":"pa_tendencia-mobel-filze-stosstangen-stuhlgleiter-ferules-schraubkappen","10":"first","11":"instock","12":"taxable","13":"shipping-taxable","14":"purchasable","15":"product-type-variable","16":"has-default-attributes","17":"wvs-archive-product-wrapper"},"_links":{"self":[{"href":"https:\/\/www.pomoline.com\/de\/wp-json\/wp\/v2\/product\/322926","targetHints":{"allow":["GET"]}}],"collection":[{"href":"https:\/\/www.pomoline.com\/de\/wp-json\/wp\/v2\/product"}],"about":[{"href":"https:\/\/www.pomoline.com\/de\/wp-json\/wp\/v2\/types\/product"}],"wp:featuredmedia":[{"embeddable":true,"href":"https:\/\/www.pomoline.com\/de\/wp-json\/wp\/v2\/media\/409382"}],"wp:attachment":[{"href":"https:\/\/www.pomoline.com\/de\/wp-json\/wp\/v2\/media?parent=322926"}],"wp:term":[{"taxonomy":"product_brand","embeddable":true,"href":"https:\/\/www.pomoline.com\/de\/wp-json\/wp\/v2\/product_brand?post=322926"},{"taxonomy":"product_cat","embeddable":true,"href":"https:\/\/www.pomoline.com\/de\/wp-json\/wp\/v2\/product_cat?post=322926"},{"taxonomy":"product_tag","embeddable":true,"href":"https:\/\/www.pomoline.com\/de\/wp-json\/wp\/v2\/product_tag?post=322926"}],"curies":[{"name":"wp","href":"https:\/\/api.w.org\/{rel}","templated":true}]}}