{"id":322934,"date":"2024-04-27T13:07:24","date_gmt":"2024-04-27T11:07:24","guid":{"rendered":"https:\/\/www.pomoline.com\/web-pruebas\/producto\/taco-contera-tapon-redonda-interior-pata-silla-mesa-tubo-metalica\/"},"modified":"2025-03-13T23:11:08","modified_gmt":"2025-03-13T22:11:08","slug":"dubel-beinkappen-schutzkappen-rund-innen-bein-stuhl-tisch-metallisches-rohr","status":"publish","type":"product","link":"https:\/\/www.pomoline.com\/de\/produkt\/dubel-beinkappen-schutzkappen-rund-innen-bein-stuhl-tisch-metallisches-rohr\/","title":{"rendered":"D\u00dcBEL BEINKAPPEN SCHUTZKAPPEN RUND INNEN BEIN STUHL TISCH METALLISCHES ROHR"},"content":{"rendered":"<p>Stopfen, D\u00fcbel und Endkappe zum Abdecken der Enden der R\u00f6hren oder Beine von St\u00fchle und Tische. Dieses besondere Modell ist MOD 6102 D\u00fcbel Endkappe Stopfen rund Innen Bein Stuhl TischTube metallisch<\/p>\n","protected":false},"excerpt":{"rendered":"<p>Stopfen, D\u00fcbel und Endkappe zum Abdecken der Enden der R\u00f6hren oder Beine von St\u00fchle und Tische. Dieses besondere Modell ist MOD 6102 D\u00fcbel Endkappe Stopfen rund Innen Bein Stuhl TischTube metallisch<\/p>\n","protected":false},"featured_media":409374,"template":"","meta":{"_joinchat":[]},"product_brand":[],"product_cat":[1029],"product_tag":[],"class_list":{"0":"post-322934","1":"product","2":"type-product","3":"status-publish","4":"has-post-thumbnail","6":"product_cat-zubehor-mobel-filze-schutzkappen-schieberegler-antirutsch-schraubabdeckungen","7":"pa_color-schwarz-schrank-griffe-griffe-wandaufhanger-turhaken-mobelbeine","8":"pa_tendencia-mobel-filze-stosstangen-stuhlgleiter-ferules-schraubkappen","10":"first","11":"instock","12":"taxable","13":"shipping-taxable","14":"purchasable","15":"product-type-variable","16":"has-default-attributes","17":"wvs-archive-product-wrapper"},"_links":{"self":[{"href":"https:\/\/www.pomoline.com\/de\/wp-json\/wp\/v2\/product\/322934","targetHints":{"allow":["GET"]}}],"collection":[{"href":"https:\/\/www.pomoline.com\/de\/wp-json\/wp\/v2\/product"}],"about":[{"href":"https:\/\/www.pomoline.com\/de\/wp-json\/wp\/v2\/types\/product"}],"wp:featuredmedia":[{"embeddable":true,"href":"https:\/\/www.pomoline.com\/de\/wp-json\/wp\/v2\/media\/409374"}],"wp:attachment":[{"href":"https:\/\/www.pomoline.com\/de\/wp-json\/wp\/v2\/media?parent=322934"}],"wp:term":[{"taxonomy":"product_brand","embeddable":true,"href":"https:\/\/www.pomoline.com\/de\/wp-json\/wp\/v2\/product_brand?post=322934"},{"taxonomy":"product_cat","embeddable":true,"href":"https:\/\/www.pomoline.com\/de\/wp-json\/wp\/v2\/product_cat?post=322934"},{"taxonomy":"product_tag","embeddable":true,"href":"https:\/\/www.pomoline.com\/de\/wp-json\/wp\/v2\/product_tag?post=322934"}],"curies":[{"name":"wp","href":"https:\/\/api.w.org\/{rel}","templated":true}]}}