{"id":322938,"date":"2024-04-27T13:07:37","date_gmt":"2024-04-27T11:07:37","guid":{"rendered":"https:\/\/www.pomoline.com\/web-pruebas\/producto\/tacos-contera-tapon-exterior-plastico-pata-silla-mesa-tubo-metalica\/"},"modified":"2025-03-13T23:10:49","modified_gmt":"2025-03-13T22:10:49","slug":"dubel-beinkappen-schutzkappen-aussen-kunststoff-bein-stuhl-tisch-metallisches-rohr","status":"publish","type":"product","link":"https:\/\/www.pomoline.com\/de\/produkt\/dubel-beinkappen-schutzkappen-aussen-kunststoff-bein-stuhl-tisch-metallisches-rohr\/","title":{"rendered":"D\u00dcBEL BEINKAPPEN SCHUTZKAPPEN AUSSEN KUNSTSTOFF BEIN STUHL TISCH METALLISCHES ROHR"},"content":{"rendered":"<p>Stopfen, D\u00fcbel und Endkappe zum Abdecken der Enden der R\u00f6hren oder Beine von St\u00fchle und Tische. Dieses besondere Modell ist MOD 6101 D\u00fcbel Endkappe Stopfen Au\u00dfen Kunststoff Bein Stuhl TischTube metallisch<\/p>\n","protected":false},"excerpt":{"rendered":"<p>Stopfen, D\u00fcbel und Endkappe zum Abdecken der Enden der R\u00f6hren oder Beine von St\u00fchle und Tische. Dieses besondere Modell ist MOD 6101 D\u00fcbel Endkappe Stopfen Au\u00dfen Kunststoff Bein Stuhl TischTube metallisch<\/p>\n","protected":false},"featured_media":409370,"template":"","meta":{"_joinchat":[]},"product_brand":[],"product_cat":[1029],"product_tag":[],"class_list":{"0":"post-322938","1":"product","2":"type-product","3":"status-publish","4":"has-post-thumbnail","6":"product_cat-zubehor-mobel-filze-schutzkappen-schieberegler-antirutsch-schraubabdeckungen","7":"pa_color-schwarz-schrank-griffe-griffe-wandaufhanger-turhaken-mobelbeine","8":"pa_tendencia-mobel-filze-stosstangen-stuhlgleiter-ferules-schraubkappen","10":"first","11":"instock","12":"taxable","13":"shipping-taxable","14":"purchasable","15":"product-type-variable","16":"has-default-attributes","17":"wvs-archive-product-wrapper"},"_links":{"self":[{"href":"https:\/\/www.pomoline.com\/de\/wp-json\/wp\/v2\/product\/322938","targetHints":{"allow":["GET"]}}],"collection":[{"href":"https:\/\/www.pomoline.com\/de\/wp-json\/wp\/v2\/product"}],"about":[{"href":"https:\/\/www.pomoline.com\/de\/wp-json\/wp\/v2\/types\/product"}],"wp:featuredmedia":[{"embeddable":true,"href":"https:\/\/www.pomoline.com\/de\/wp-json\/wp\/v2\/media\/409370"}],"wp:attachment":[{"href":"https:\/\/www.pomoline.com\/de\/wp-json\/wp\/v2\/media?parent=322938"}],"wp:term":[{"taxonomy":"product_brand","embeddable":true,"href":"https:\/\/www.pomoline.com\/de\/wp-json\/wp\/v2\/product_brand?post=322938"},{"taxonomy":"product_cat","embeddable":true,"href":"https:\/\/www.pomoline.com\/de\/wp-json\/wp\/v2\/product_cat?post=322938"},{"taxonomy":"product_tag","embeddable":true,"href":"https:\/\/www.pomoline.com\/de\/wp-json\/wp\/v2\/product_tag?post=322938"}],"curies":[{"name":"wp","href":"https:\/\/api.w.org\/{rel}","templated":true}]}}