{"id":322942,"date":"2024-04-27T13:07:44","date_gmt":"2024-04-27T11:07:44","guid":{"rendered":"https:\/\/www.pomoline.com\/web-pruebas\/producto\/taco-contera-tapon-silla-mesa-exterior-transparente-pata-tubo-metalica\/"},"modified":"2025-03-13T23:10:33","modified_gmt":"2025-03-13T22:10:33","slug":"dubel-beinkappen-schutzkappen-stuhl-tisch-aussen-transparent-metallrohrbein","status":"publish","type":"product","link":"https:\/\/www.pomoline.com\/de\/produkt\/dubel-beinkappen-schutzkappen-stuhl-tisch-aussen-transparent-metallrohrbein\/","title":{"rendered":"D\u00dcBEL BEINKAPPEN SCHUTZKAPPEN STUHL TISCH AUSSEN TRANSPARENT METALLROHRBEIN"},"content":{"rendered":"<p>Stopfen, D\u00fcbel und Endkappe zum Abdecken der Enden der R\u00f6hren oder Beine von St\u00fchle und Tische. Dieses besondere Modell ist MOD 6100T D\u00fcbel Endkappe Stopfen Stuhl Tisch Au\u00dfen transparent Bein Tube metallisch<\/p>\n","protected":false},"excerpt":{"rendered":"<p>Stopfen, D\u00fcbel und Endkappe zum Abdecken der Enden der R\u00f6hren oder Beine von St\u00fchle und Tische. Dieses besondere Modell ist MOD 6100T D\u00fcbel Endkappe Stopfen Stuhl Tisch Au\u00dfen transparent Bein Tube metallisch<\/p>\n","protected":false},"featured_media":409366,"template":"","meta":{"_joinchat":[]},"product_brand":[],"product_cat":[1029],"product_tag":[],"class_list":{"0":"post-322942","1":"product","2":"type-product","3":"status-publish","4":"has-post-thumbnail","6":"product_cat-zubehor-mobel-filze-schutzkappen-schieberegler-antirutsch-schraubabdeckungen","7":"pa_color-eisschrank-knopfe-griffe-wandhanger-turhaken-mobelbeine","8":"pa_tendencia-mobel-filze-stosstangen-stuhlgleiter-ferules-schraubkappen","10":"first","11":"instock","12":"taxable","13":"shipping-taxable","14":"purchasable","15":"product-type-variable","16":"has-default-attributes","17":"wvs-archive-product-wrapper"},"_links":{"self":[{"href":"https:\/\/www.pomoline.com\/de\/wp-json\/wp\/v2\/product\/322942","targetHints":{"allow":["GET"]}}],"collection":[{"href":"https:\/\/www.pomoline.com\/de\/wp-json\/wp\/v2\/product"}],"about":[{"href":"https:\/\/www.pomoline.com\/de\/wp-json\/wp\/v2\/types\/product"}],"wp:featuredmedia":[{"embeddable":true,"href":"https:\/\/www.pomoline.com\/de\/wp-json\/wp\/v2\/media\/409366"}],"wp:attachment":[{"href":"https:\/\/www.pomoline.com\/de\/wp-json\/wp\/v2\/media?parent=322942"}],"wp:term":[{"taxonomy":"product_brand","embeddable":true,"href":"https:\/\/www.pomoline.com\/de\/wp-json\/wp\/v2\/product_brand?post=322942"},{"taxonomy":"product_cat","embeddable":true,"href":"https:\/\/www.pomoline.com\/de\/wp-json\/wp\/v2\/product_cat?post=322942"},{"taxonomy":"product_tag","embeddable":true,"href":"https:\/\/www.pomoline.com\/de\/wp-json\/wp\/v2\/product_tag?post=322942"}],"curies":[{"name":"wp","href":"https:\/\/api.w.org\/{rel}","templated":true}]}}