{"id":322954,"date":"2024-04-27T13:08:00","date_gmt":"2024-04-27T11:08:00","guid":{"rendered":"https:\/\/www.pomoline.com\/web-pruebas\/producto\/tirador-pomo-de-mueble-metacrilato-colores-diseno-infantil-ninos\/"},"modified":"2025-03-13T23:09:39","modified_gmt":"2025-03-13T22:09:39","slug":"mobelknopf-knopf-von-mobel-metacrylat-farben-design-kindlich-kinder","status":"publish","type":"product","link":"https:\/\/www.pomoline.com\/de\/produkt\/mobelknopf-knopf-von-mobel-metacrylat-farben-design-kindlich-kinder\/","title":{"rendered":"M\u00d6BELKNOPF KNOPF VON M\u00d6BEL METACRYLAT FARBEN DESIGN KINDLICH KINDER"},"content":{"rendered":"<p>M\u00f6belkn\u00f6pfe und M\u00f6belgriffe Farben f\u00fcr Schubladen M\u00f6bel kindlich. Sie wurden mit Materialien wie Methacrylat entworfen, die dem Kinderzimmer eine helle und farbenfrohe Note verleihen. Dieses besondere Modell ist MOD 606 Griff M\u00f6belknopf Methacrylat Farbe<\/p>\n","protected":false},"excerpt":{"rendered":"<p>M\u00f6belkn\u00f6pfe und M\u00f6belgriffe Farben f\u00fcr Schubladen M\u00f6bel kindlich. Sie wurden mit Materialien wie Methacrylat entworfen, die dem Kinderzimmer eine helle und farbenfrohe Note verleihen. Dieses besondere Modell ist MOD 606 Griff M\u00f6belknopf Methacrylat Farbe<\/p>\n","protected":false},"featured_media":409354,"template":"","meta":{"_joinchat":[]},"product_brand":[],"product_cat":[5358,993,5355],"product_tag":[],"class_list":{"0":"post-322954","1":"product","2":"type-product","3":"status-publish","4":"has-post-thumbnail","6":"product_cat-ofertas-de","7":"product_cat-knopfe-kindermobel-baby-schubladen","8":"product_cat-ofertas","9":"pa_color-pink-schrank-knauf-griffe-wandaufhanger-turhaken-mobel-beine","10":"pa_tendencia-blumenknopfe-fur-mobelschublade","12":"first","13":"instock","14":"sale","15":"taxable","16":"shipping-taxable","17":"purchasable","18":"product-type-variable","19":"has-default-attributes","20":"wvs-archive-product-wrapper"},"_links":{"self":[{"href":"https:\/\/www.pomoline.com\/de\/wp-json\/wp\/v2\/product\/322954","targetHints":{"allow":["GET"]}}],"collection":[{"href":"https:\/\/www.pomoline.com\/de\/wp-json\/wp\/v2\/product"}],"about":[{"href":"https:\/\/www.pomoline.com\/de\/wp-json\/wp\/v2\/types\/product"}],"wp:featuredmedia":[{"embeddable":true,"href":"https:\/\/www.pomoline.com\/de\/wp-json\/wp\/v2\/media\/409354"}],"wp:attachment":[{"href":"https:\/\/www.pomoline.com\/de\/wp-json\/wp\/v2\/media?parent=322954"}],"wp:term":[{"taxonomy":"product_brand","embeddable":true,"href":"https:\/\/www.pomoline.com\/de\/wp-json\/wp\/v2\/product_brand?post=322954"},{"taxonomy":"product_cat","embeddable":true,"href":"https:\/\/www.pomoline.com\/de\/wp-json\/wp\/v2\/product_cat?post=322954"},{"taxonomy":"product_tag","embeddable":true,"href":"https:\/\/www.pomoline.com\/de\/wp-json\/wp\/v2\/product_tag?post=322954"}],"curies":[{"name":"wp","href":"https:\/\/api.w.org\/{rel}","templated":true}]}}