{"id":322974,"date":"2024-04-27T13:08:28","date_gmt":"2024-04-27T11:08:28","guid":{"rendered":"https:\/\/www.pomoline.com\/web-pruebas\/producto\/patines-deslizadores-fieltro-para-clavar-pata-mueble-silla-cama\/"},"modified":"2025-03-13T23:08:19","modified_gmt":"2025-03-13T22:08:19","slug":"kufen-mobelgleiter-filz-fur-nageln-bein-mobel-stuhl-bett","status":"publish","type":"product","link":"https:\/\/www.pomoline.com\/de\/produkt\/kufen-mobelgleiter-filz-fur-nageln-bein-mobel-stuhl-bett\/","title":{"rendered":"KUFEN M\u00d6BELGLEITER FILZ F\u00dcR NAGELN BEIN M\u00d6BEL STUHL BETT"},"content":{"rendered":"<p>Kufen und gleitend f\u00fcr M\u00f6bel, St\u00fchle und Tische.Sie haben einen sehr starken Kleber und erleichtern das Bewegen schwerer M\u00f6bel, ohne den Boden zu zerkratzen, und eliminieren Schleifger\u00e4usche. Dieses besondere Modell ist MOD 6006 Gleitende Kufen Filz pa<\/p>\n","protected":false},"excerpt":{"rendered":"<p>Kufen und gleitend f\u00fcr M\u00f6bel, St\u00fchle und Tische.Sie haben einen sehr starken Kleber und erleichtern das Bewegen schwerer M\u00f6bel, ohne den Boden zu zerkratzen, und eliminieren Schleifger\u00e4usche. Dieses besondere Modell ist MOD 6006 Gleitende Kufen Filz pa<\/p>\n","protected":false},"featured_media":409334,"template":"","meta":{"_joinchat":[]},"product_brand":[],"product_cat":[1029],"product_tag":[],"class_list":{"0":"post-322974","1":"product","2":"type-product","3":"status-publish","4":"has-post-thumbnail","6":"product_cat-zubehor-mobel-filze-schutzkappen-schieberegler-antirutsch-schraubabdeckungen","7":"pa_color-braun-schrank-griffe-griffe-wandaufhanger-turhaken-mobel-beine","8":"pa_tendencia-mobel-filze-stosstangen-stuhlgleiter-ferules-schraubkappen","10":"first","11":"instock","12":"taxable","13":"shipping-taxable","14":"purchasable","15":"product-type-variable","16":"has-default-attributes","17":"wvs-archive-product-wrapper"},"_links":{"self":[{"href":"https:\/\/www.pomoline.com\/de\/wp-json\/wp\/v2\/product\/322974","targetHints":{"allow":["GET"]}}],"collection":[{"href":"https:\/\/www.pomoline.com\/de\/wp-json\/wp\/v2\/product"}],"about":[{"href":"https:\/\/www.pomoline.com\/de\/wp-json\/wp\/v2\/types\/product"}],"wp:featuredmedia":[{"embeddable":true,"href":"https:\/\/www.pomoline.com\/de\/wp-json\/wp\/v2\/media\/409334"}],"wp:attachment":[{"href":"https:\/\/www.pomoline.com\/de\/wp-json\/wp\/v2\/media?parent=322974"}],"wp:term":[{"taxonomy":"product_brand","embeddable":true,"href":"https:\/\/www.pomoline.com\/de\/wp-json\/wp\/v2\/product_brand?post=322974"},{"taxonomy":"product_cat","embeddable":true,"href":"https:\/\/www.pomoline.com\/de\/wp-json\/wp\/v2\/product_cat?post=322974"},{"taxonomy":"product_tag","embeddable":true,"href":"https:\/\/www.pomoline.com\/de\/wp-json\/wp\/v2\/product_tag?post=322974"}],"curies":[{"name":"wp","href":"https:\/\/api.w.org\/{rel}","templated":true}]}}