{"id":322978,"date":"2024-04-27T13:08:36","date_gmt":"2024-04-27T11:08:36","guid":{"rendered":"https:\/\/www.pomoline.com\/web-pruebas\/producto\/antideslizantes-paragolpes-antiruido-neopreno-adhesivo-20mm\/"},"modified":"2025-03-13T23:08:01","modified_gmt":"2025-03-13T22:08:01","slug":"antirutsch-stossfanger-anti-larm-neopren-klebend-20mm","status":"publish","type":"product","link":"https:\/\/www.pomoline.com\/de\/produkt\/antirutsch-stossfanger-anti-larm-neopren-klebend-20mm\/","title":{"rendered":"ANTIRUTSCH STOSSF\u00c4NGER ANTI-L\u00c4RM NEOPREN KLEBEND 20MM"},"content":{"rendered":"<p>Gummi Sto\u00dfstangen an die T\u00fcr, M\u00f6bel, Schrank um das Ger\u00e4usch vom Verschluss zu entfernen. Dieses besondere Modell ist MOD 6005 Antirutsch Sto\u00dfstangen Anti L\u00e4rm Neopren Klebstoff 20mm<\/p>\n","protected":false},"excerpt":{"rendered":"<p>Gummi Sto\u00dfstangen an die T\u00fcr, M\u00f6bel, Schrank um das Ger\u00e4usch vom Verschluss zu entfernen. Dieses besondere Modell ist MOD 6005 Antirutsch Sto\u00dfstangen Anti L\u00e4rm Neopren Klebstoff 20mm<\/p>\n","protected":false},"featured_media":409330,"template":"","meta":{"_joinchat":[]},"product_brand":[],"product_cat":[1029],"product_tag":[],"class_list":{"0":"post-322978","1":"product","2":"type-product","3":"status-publish","4":"has-post-thumbnail","6":"product_cat-zubehor-mobel-filze-schutzkappen-schieberegler-antirutsch-schraubabdeckungen","7":"pa_color-schwarz-schrank-griffe-griffe-wandaufhanger-turhaken-mobelbeine","8":"pa_tendencia-mobel-filze-stosstangen-stuhlgleiter-ferules-schraubkappen","10":"first","11":"instock","12":"taxable","13":"shipping-taxable","14":"purchasable","15":"product-type-variable","16":"has-default-attributes","17":"wvs-archive-product-wrapper"},"_links":{"self":[{"href":"https:\/\/www.pomoline.com\/de\/wp-json\/wp\/v2\/product\/322978","targetHints":{"allow":["GET"]}}],"collection":[{"href":"https:\/\/www.pomoline.com\/de\/wp-json\/wp\/v2\/product"}],"about":[{"href":"https:\/\/www.pomoline.com\/de\/wp-json\/wp\/v2\/types\/product"}],"wp:featuredmedia":[{"embeddable":true,"href":"https:\/\/www.pomoline.com\/de\/wp-json\/wp\/v2\/media\/409330"}],"wp:attachment":[{"href":"https:\/\/www.pomoline.com\/de\/wp-json\/wp\/v2\/media?parent=322978"}],"wp:term":[{"taxonomy":"product_brand","embeddable":true,"href":"https:\/\/www.pomoline.com\/de\/wp-json\/wp\/v2\/product_brand?post=322978"},{"taxonomy":"product_cat","embeddable":true,"href":"https:\/\/www.pomoline.com\/de\/wp-json\/wp\/v2\/product_cat?post=322978"},{"taxonomy":"product_tag","embeddable":true,"href":"https:\/\/www.pomoline.com\/de\/wp-json\/wp\/v2\/product_tag?post=322978"}],"curies":[{"name":"wp","href":"https:\/\/api.w.org\/{rel}","templated":true}]}}