{"id":322982,"date":"2024-04-27T13:08:43","date_gmt":"2024-04-27T11:08:43","guid":{"rendered":"https:\/\/www.pomoline.com\/web-pruebas\/producto\/lagrimas-paragolpes-adhesiva-eva-7x15mm-para-cristal-y-puerta-mueble\/"},"modified":"2025-03-13T23:07:46","modified_gmt":"2025-03-13T22:07:46","slug":"wandturstopper-stossfanger-klebend-eva-7x15mm-fur-kristall-und-tur-mobel","status":"publish","type":"product","link":"https:\/\/www.pomoline.com\/de\/produkt\/wandturstopper-stossfanger-klebend-eva-7x15mm-fur-kristall-und-tur-mobel\/","title":{"rendered":"WANDT\u00dcRSTOPPER STOSSF\u00c4NGER KLEBEND EVA 7X15MM F\u00dcR KRISTALL UND T\u00dcR M\u00d6BEL"},"content":{"rendered":"<p>Gummi Sto\u00dfstangen an die T\u00fcr, M\u00f6bel, Schrank um das Ger\u00e4usch vom Verschluss zu entfernen. Dieses besondere Modell ist MOD 6004 WandT\u00fcrentopper Stossf\u00e4nger Klebend eva 7x15mm f\u00fcr Kristall und Schrankt\u00fcr<\/p>\n","protected":false},"excerpt":{"rendered":"<p>Gummi Sto\u00dfstangen an die T\u00fcr, M\u00f6bel, Schrank um das Ger\u00e4usch vom Verschluss zu entfernen. Dieses besondere Modell ist MOD 6004 WandT\u00fcrentopper Stossf\u00e4nger Klebend eva 7x15mm f\u00fcr Kristall und Schrankt\u00fcr<\/p>\n","protected":false},"featured_media":409326,"template":"","meta":{"_joinchat":[]},"product_brand":[],"product_cat":[1029],"product_tag":[],"class_list":{"0":"post-322982","1":"product","2":"type-product","3":"status-publish","4":"has-post-thumbnail","6":"product_cat-zubehor-mobel-filze-schutzkappen-schieberegler-antirutsch-schraubabdeckungen","7":"pa_color-weis-schrank-griffe-griffe-wandhaken-turhaken-mobelbeine","8":"pa_tendencia-mobel-filze-stosstangen-stuhlgleiter-ferules-schraubkappen","10":"first","11":"instock","12":"taxable","13":"shipping-taxable","14":"purchasable","15":"product-type-variable","16":"has-default-attributes","17":"wvs-archive-product-wrapper"},"_links":{"self":[{"href":"https:\/\/www.pomoline.com\/de\/wp-json\/wp\/v2\/product\/322982","targetHints":{"allow":["GET"]}}],"collection":[{"href":"https:\/\/www.pomoline.com\/de\/wp-json\/wp\/v2\/product"}],"about":[{"href":"https:\/\/www.pomoline.com\/de\/wp-json\/wp\/v2\/types\/product"}],"wp:featuredmedia":[{"embeddable":true,"href":"https:\/\/www.pomoline.com\/de\/wp-json\/wp\/v2\/media\/409326"}],"wp:attachment":[{"href":"https:\/\/www.pomoline.com\/de\/wp-json\/wp\/v2\/media?parent=322982"}],"wp:term":[{"taxonomy":"product_brand","embeddable":true,"href":"https:\/\/www.pomoline.com\/de\/wp-json\/wp\/v2\/product_brand?post=322982"},{"taxonomy":"product_cat","embeddable":true,"href":"https:\/\/www.pomoline.com\/de\/wp-json\/wp\/v2\/product_cat?post=322982"},{"taxonomy":"product_tag","embeddable":true,"href":"https:\/\/www.pomoline.com\/de\/wp-json\/wp\/v2\/product_tag?post=322982"}],"curies":[{"name":"wp","href":"https:\/\/api.w.org\/{rel}","templated":true}]}}