{"id":323026,"date":"2024-04-27T13:09:54","date_gmt":"2024-04-27T11:09:54","guid":{"rendered":"https:\/\/www.pomoline.com\/web-pruebas\/producto\/pomo-cristal-base-cromo-cajon-mueble-swarovski\/"},"modified":"2025-03-13T23:04:41","modified_gmt":"2025-03-13T22:04:41","slug":"knopf-kristall-basis-chrom-schublade-mobel-swarovski","status":"publish","type":"product","link":"https:\/\/www.pomoline.com\/de\/produkt\/knopf-kristall-basis-chrom-schublade-mobel-swarovski\/","title":{"rendered":"KNOPF KRISTALL BASIS CHROM SCHUBLADE M\u00d6BEL SWAROVSKI"},"content":{"rendered":"<p>Eleganter M\u00f6belknauf aus geschliffenem Glas und Chromsockel aus Swarovski-Kristallen, um eine raffinierte Atmosph\u00e4re zu schaffen und Ihre M\u00f6bel hervorzuheben, hochwertig und in Europa hergestellt, bietet einen klassischen Look und l\u00e4sst sich mit den ander<\/p>\n","protected":false},"excerpt":{"rendered":"<p>Eleganter M\u00f6belknauf aus geschliffenem Glas und Chromsockel aus Swarovski-Kristallen, um eine raffinierte Atmosph\u00e4re zu schaffen und Ihre M\u00f6bel hervorzuheben, hochwertig und in Europa hergestellt, bietet einen klassischen Look und l\u00e4sst sich mit den ander<\/p>\n","protected":false},"featured_media":409286,"template":"","meta":{"_joinchat":[]},"product_brand":[],"product_cat":[5187,1009],"product_tag":[],"class_list":{"0":"post-323026","1":"product","2":"type-product","3":"status-publish","4":"has-post-thumbnail","6":"product_cat-mobelgriffe-und-knopfe-fur-schubladen","7":"product_cat-mobelknopfe-swarovski-kristall-strass-luxury-italienisches-design","8":"pa_color-kristall-schrank-griffe-griffe-wandhaken-turhaken-mobel-beine","9":"pa_tendencia-luxus-mobel-griffe","11":"first","12":"instock","13":"taxable","14":"shipping-taxable","15":"purchasable","16":"product-type-variable","17":"has-default-attributes","18":"wvs-archive-product-wrapper"},"_links":{"self":[{"href":"https:\/\/www.pomoline.com\/de\/wp-json\/wp\/v2\/product\/323026","targetHints":{"allow":["GET"]}}],"collection":[{"href":"https:\/\/www.pomoline.com\/de\/wp-json\/wp\/v2\/product"}],"about":[{"href":"https:\/\/www.pomoline.com\/de\/wp-json\/wp\/v2\/types\/product"}],"wp:featuredmedia":[{"embeddable":true,"href":"https:\/\/www.pomoline.com\/de\/wp-json\/wp\/v2\/media\/409286"}],"wp:attachment":[{"href":"https:\/\/www.pomoline.com\/de\/wp-json\/wp\/v2\/media?parent=323026"}],"wp:term":[{"taxonomy":"product_brand","embeddable":true,"href":"https:\/\/www.pomoline.com\/de\/wp-json\/wp\/v2\/product_brand?post=323026"},{"taxonomy":"product_cat","embeddable":true,"href":"https:\/\/www.pomoline.com\/de\/wp-json\/wp\/v2\/product_cat?post=323026"},{"taxonomy":"product_tag","embeddable":true,"href":"https:\/\/www.pomoline.com\/de\/wp-json\/wp\/v2\/product_tag?post=323026"}],"curies":[{"name":"wp","href":"https:\/\/api.w.org\/{rel}","templated":true}]}}