{"id":323030,"date":"2024-04-27T13:10:02","date_gmt":"2024-04-27T11:10:02","guid":{"rendered":"https:\/\/www.pomoline.com\/web-pruebas\/producto\/pomo-bola-cristal-tallado-cromado-cajon-mueble-swarovski\/"},"modified":"2025-03-13T23:04:25","modified_gmt":"2025-03-13T22:04:25","slug":"knopf-kugel-kristall-geschnitzte-verchromt-schublade-mobel-swarovski","status":"publish","type":"product","link":"https:\/\/www.pomoline.com\/de\/produkt\/knopf-kugel-kristall-geschnitzte-verchromt-schublade-mobel-swarovski\/","title":{"rendered":"KNOPF KUGEL KRISTALL GESCHNITZTE VERCHROMT SCHUBLADE M\u00d6BEL SWAROVSKI"},"content":{"rendered":"<p>Eleganter M\u00f6belknauf aus geschliffenem Glas und Chromsockel aus Swarovski-Kristallen, um eine raffinierte Atmosph\u00e4re zu schaffen und Ihre M\u00f6bel hervorzuheben, hochwertig und in Europa hergestellt, bietet einen klassischen Look und l\u00e4sst sich mit den ander<\/p>\n","protected":false},"excerpt":{"rendered":"<p>Eleganter M\u00f6belknauf aus geschliffenem Glas und Chromsockel aus Swarovski-Kristallen, um eine raffinierte Atmosph\u00e4re zu schaffen und Ihre M\u00f6bel hervorzuheben, hochwertig und in Europa hergestellt, bietet einen klassischen Look und l\u00e4sst sich mit den ander<\/p>\n","protected":false},"featured_media":409282,"template":"","meta":{"_joinchat":[]},"product_brand":[],"product_cat":[5187,1009],"product_tag":[],"class_list":{"0":"post-323030","1":"product","2":"type-product","3":"status-publish","4":"has-post-thumbnail","6":"product_cat-mobelgriffe-und-knopfe-fur-schubladen","7":"product_cat-mobelknopfe-swarovski-kristall-strass-luxury-italienisches-design","8":"pa_color-kristall-schrank-griffe-griffe-wandhaken-turhaken-mobel-beine","9":"pa_tendencia-luxus-mobel-griffe","11":"first","12":"instock","13":"taxable","14":"shipping-taxable","15":"purchasable","16":"product-type-variable","17":"has-default-attributes","18":"wvs-archive-product-wrapper"},"_links":{"self":[{"href":"https:\/\/www.pomoline.com\/de\/wp-json\/wp\/v2\/product\/323030","targetHints":{"allow":["GET"]}}],"collection":[{"href":"https:\/\/www.pomoline.com\/de\/wp-json\/wp\/v2\/product"}],"about":[{"href":"https:\/\/www.pomoline.com\/de\/wp-json\/wp\/v2\/types\/product"}],"wp:featuredmedia":[{"embeddable":true,"href":"https:\/\/www.pomoline.com\/de\/wp-json\/wp\/v2\/media\/409282"}],"wp:attachment":[{"href":"https:\/\/www.pomoline.com\/de\/wp-json\/wp\/v2\/media?parent=323030"}],"wp:term":[{"taxonomy":"product_brand","embeddable":true,"href":"https:\/\/www.pomoline.com\/de\/wp-json\/wp\/v2\/product_brand?post=323030"},{"taxonomy":"product_cat","embeddable":true,"href":"https:\/\/www.pomoline.com\/de\/wp-json\/wp\/v2\/product_cat?post=323030"},{"taxonomy":"product_tag","embeddable":true,"href":"https:\/\/www.pomoline.com\/de\/wp-json\/wp\/v2\/product_tag?post=323030"}],"curies":[{"name":"wp","href":"https:\/\/api.w.org\/{rel}","templated":true}]}}