{"id":323034,"date":"2024-04-27T13:10:09","date_gmt":"2024-04-27T11:10:09","guid":{"rendered":"https:\/\/www.pomoline.com\/web-pruebas\/producto\/pomo-hierro-envejecido-patina-azul-tiradores-mueble-desgastado-tiza\/"},"modified":"2025-03-13T23:04:07","modified_gmt":"2025-03-13T22:04:07","slug":"knopf-eisen-gealtert-patina-blau-mobelknopfe-mobel-verschlissen-kreide","status":"publish","type":"product","link":"https:\/\/www.pomoline.com\/de\/produkt\/knopf-eisen-gealtert-patina-blau-mobelknopfe-mobel-verschlissen-kreide\/","title":{"rendered":"KNOPF EISEN GEALTERT PATINA BLAU | M\u00d6BELKN\u00d6PFE M\u00d6BEL VERSCHLISSEN KREIDE"},"content":{"rendered":"<p>Antiker M\u00f6belknauf aus Eisen, bemalt mit verschiedenen Farben, Kreideeffekt im Vintage-Stil, sehr originell f\u00fcr Ihre Schlafzimmer-, Wohnzimmer- und K\u00fcchenm\u00f6bel. Inklusive Platzierungsschrauben, sie haben einen Durchmesser von 35 mm und ragen 28 mm heraus.<\/p>\n","protected":false},"excerpt":{"rendered":"<p>Antiker M\u00f6belknauf aus Eisen, bemalt mit verschiedenen Farben, Kreideeffekt im Vintage-Stil, sehr originell f\u00fcr Ihre Schlafzimmer-, Wohnzimmer- und K\u00fcchenm\u00f6bel. Inklusive Platzierungsschrauben, sie haben einen Durchmesser von 35 mm und ragen 28 mm heraus.<\/p>\n","protected":false},"featured_media":409278,"template":"","meta":{"_joinchat":[]},"product_brand":[],"product_cat":[993,5187,977],"product_tag":[],"class_list":{"0":"post-323034","1":"product","2":"type-product","3":"status-publish","4":"has-post-thumbnail","6":"product_cat-knopfe-kindermobel-baby-schubladen","7":"product_cat-mobelgriffe-und-knopfe-fur-schubladen","8":"product_cat-mobelknopfe-griffe-vintage-shabby-chic-klassische-provence-schublade","9":"pa_color-grun-schrank-griffe-griffe-wandaufhanger-turhaken-mobel-beine","10":"pa_color-weis-schrank-griffe-griffe-wandhaken-turhaken-mobelbeine","11":"pa_color-blau-schrank-knauf-griffe-wandaufhanger-turhaken-mobel-beine","12":"pa_color-magenta-schrank-knauf-griffe-wandaufhanger-turhaken-mobel-beine","13":"pa_color-orange-schrank-griffe-griffe-wandaufhanger-turhaken-mobel-beine","14":"pa_color-rot-schrank-knauf-griffe-wandaufhanger-turhaken-mobel-beine","15":"pa_tendencia-shabby-chic-schrank-knopfe-griffe","17":"first","18":"instock","19":"taxable","20":"shipping-taxable","21":"purchasable","22":"product-type-variable","23":"has-default-attributes","24":"wvs-archive-product-wrapper"},"_links":{"self":[{"href":"https:\/\/www.pomoline.com\/de\/wp-json\/wp\/v2\/product\/323034","targetHints":{"allow":["GET"]}}],"collection":[{"href":"https:\/\/www.pomoline.com\/de\/wp-json\/wp\/v2\/product"}],"about":[{"href":"https:\/\/www.pomoline.com\/de\/wp-json\/wp\/v2\/types\/product"}],"wp:featuredmedia":[{"embeddable":true,"href":"https:\/\/www.pomoline.com\/de\/wp-json\/wp\/v2\/media\/409278"}],"wp:attachment":[{"href":"https:\/\/www.pomoline.com\/de\/wp-json\/wp\/v2\/media?parent=323034"}],"wp:term":[{"taxonomy":"product_brand","embeddable":true,"href":"https:\/\/www.pomoline.com\/de\/wp-json\/wp\/v2\/product_brand?post=323034"},{"taxonomy":"product_cat","embeddable":true,"href":"https:\/\/www.pomoline.com\/de\/wp-json\/wp\/v2\/product_cat?post=323034"},{"taxonomy":"product_tag","embeddable":true,"href":"https:\/\/www.pomoline.com\/de\/wp-json\/wp\/v2\/product_tag?post=323034"}],"curies":[{"name":"wp","href":"https:\/\/api.w.org\/{rel}","templated":true}]}}