{"id":323054,"date":"2024-04-27T13:10:41","date_gmt":"2024-04-27T11:10:41","guid":{"rendered":"https:\/\/www.pomoline.com\/web-pruebas\/producto\/tirador-pomo-de-mueble-lagrimas-cristal-ambar-artesanal\/"},"modified":"2025-03-13T23:02:43","modified_gmt":"2025-03-13T22:02:43","slug":"mobelknopf-knopf-von-mobel-tranen-kristall-bernsteinfarben-hausgemacht","status":"publish","type":"product","link":"https:\/\/www.pomoline.com\/de\/produkt\/mobelknopf-knopf-von-mobel-tranen-kristall-bernsteinfarben-hausgemacht\/","title":{"rendered":"M\u00d6BELKNOPF KNOPF VON M\u00d6BEL TR\u00c4NEN KRISTALL BERNSTEINFARBEN HAUSGEMACHT"},"content":{"rendered":"<p>Kn\u00f6pfe und Griffe aus KRISTALL, Kristall, Metalll und Holz f\u00fcr montieren en Schubladen und T\u00fcren de M\u00f6bel verschlissen.Dieses besondere Modell ist MOD 559 Griff M\u00f6belknopf Kristalltr\u00e4nen Amber hausgemacht<\/p>\n","protected":false},"excerpt":{"rendered":"<p>Kn\u00f6pfe und Griffe aus KRISTALL, Kristall, Metalll und Holz f\u00fcr montieren en Schubladen und T\u00fcren de M\u00f6bel verschlissen.Dieses besondere Modell ist MOD 559 Griff M\u00f6belknopf Kristalltr\u00e4nen Amber hausgemacht<\/p>\n","protected":false},"featured_media":409258,"template":"","meta":{"_joinchat":[]},"product_brand":[],"product_cat":[5187,973],"product_tag":[],"class_list":{"0":"post-323054","1":"product","2":"type-product","3":"status-publish","4":"has-post-thumbnail","6":"product_cat-mobelgriffe-und-knopfe-fur-schubladen","7":"product_cat-knopfe-geschliffenes-horn-mobelknopfe-knochen-perlmutt-rustikale-ethnische","8":"pa_color-kristall-schrank-griffe-griffe-wandhaken-turhaken-mobel-beine","9":"pa_tendencia-art-deco-mobelgriffe","11":"first","12":"instock","13":"taxable","14":"shipping-taxable","15":"purchasable","16":"product-type-variable","17":"has-default-attributes","18":"wvs-archive-product-wrapper"},"_links":{"self":[{"href":"https:\/\/www.pomoline.com\/de\/wp-json\/wp\/v2\/product\/323054","targetHints":{"allow":["GET"]}}],"collection":[{"href":"https:\/\/www.pomoline.com\/de\/wp-json\/wp\/v2\/product"}],"about":[{"href":"https:\/\/www.pomoline.com\/de\/wp-json\/wp\/v2\/types\/product"}],"wp:featuredmedia":[{"embeddable":true,"href":"https:\/\/www.pomoline.com\/de\/wp-json\/wp\/v2\/media\/409258"}],"wp:attachment":[{"href":"https:\/\/www.pomoline.com\/de\/wp-json\/wp\/v2\/media?parent=323054"}],"wp:term":[{"taxonomy":"product_brand","embeddable":true,"href":"https:\/\/www.pomoline.com\/de\/wp-json\/wp\/v2\/product_brand?post=323054"},{"taxonomy":"product_cat","embeddable":true,"href":"https:\/\/www.pomoline.com\/de\/wp-json\/wp\/v2\/product_cat?post=323054"},{"taxonomy":"product_tag","embeddable":true,"href":"https:\/\/www.pomoline.com\/de\/wp-json\/wp\/v2\/product_tag?post=323054"}],"curies":[{"name":"wp","href":"https:\/\/api.w.org\/{rel}","templated":true}]}}