{"id":323114,"date":"2024-04-27T13:12:19","date_gmt":"2024-04-27T11:12:19","guid":{"rendered":"https:\/\/www.pomoline.com\/web-pruebas\/producto\/pata-conica-madera-haya-mueble-nordico-escandinavo\/"},"modified":"2025-03-13T22:57:59","modified_gmt":"2025-03-13T21:57:59","slug":"bein-konisch-holz-buche-mobel-nordisch-skandinavisch","status":"publish","type":"product","link":"https:\/\/www.pomoline.com\/de\/produkt\/bein-konisch-holz-buche-mobel-nordisch-skandinavisch\/","title":{"rendered":"BEIN KONISCH HOLZ BUCHE M\u00d6BEL N\u00d6RDISCH SKANDINAVISCH"},"content":{"rendered":"<p>Konische Holzbeine schr\u00e4ggestellt f\u00fcr nordische und skandinavische M\u00f6bel. Das Holz stammt aus nachhaltigen und zertifizierten Plantagen. Dieses besondere Modell ist MOD 5088 konischer Schenkel Holz Buche M\u00f6bel nordisch skandinavisch<\/p>\n","protected":false},"excerpt":{"rendered":"<p>Konische Holzbeine schr\u00e4ggestellt f\u00fcr nordische und skandinavische M\u00f6bel. Das Holz stammt aus nachhaltigen und zertifizierten Plantagen. Dieses besondere Modell ist MOD 5088 konischer Schenkel Holz Buche M\u00f6bel nordisch skandinavisch<\/p>\n","protected":false},"featured_media":409198,"template":"","meta":{"_joinchat":[]},"product_brand":[],"product_cat":[5358,5355,1017],"product_tag":[],"class_list":{"0":"post-323114","1":"product","2":"type-product","3":"status-publish","4":"has-post-thumbnail","6":"product_cat-ofertas-de","7":"product_cat-ofertas","8":"product_cat-mobelbeine-stahl-holz-kunststoff-stahl-fusse-regulierschrauben-tisch","9":"pa_color-schwarz-schrank-griffe-griffe-wandaufhanger-turhaken-mobelbeine","10":"pa_color-natur-buche-schrank-knauf-griffe-wandaufhanger-turhaken-mobel-beine","11":"pa_color-weis-schrank-griffe-griffe-wandhaken-turhaken-mobelbeine","12":"pa_color-rohholz-schrank-knauf-griffe-wandaufhanger-turhaken-mobel-beine","13":"pa_tendencia-tischbeine","14":"pa_tendencia-nordisch-skandinavische-mobelbeine","16":"first","17":"instock","18":"sale","19":"taxable","20":"shipping-taxable","21":"purchasable","22":"product-type-variable","23":"has-default-attributes","24":"wvs-archive-product-wrapper"},"_links":{"self":[{"href":"https:\/\/www.pomoline.com\/de\/wp-json\/wp\/v2\/product\/323114","targetHints":{"allow":["GET"]}}],"collection":[{"href":"https:\/\/www.pomoline.com\/de\/wp-json\/wp\/v2\/product"}],"about":[{"href":"https:\/\/www.pomoline.com\/de\/wp-json\/wp\/v2\/types\/product"}],"wp:featuredmedia":[{"embeddable":true,"href":"https:\/\/www.pomoline.com\/de\/wp-json\/wp\/v2\/media\/409198"}],"wp:attachment":[{"href":"https:\/\/www.pomoline.com\/de\/wp-json\/wp\/v2\/media?parent=323114"}],"wp:term":[{"taxonomy":"product_brand","embeddable":true,"href":"https:\/\/www.pomoline.com\/de\/wp-json\/wp\/v2\/product_brand?post=323114"},{"taxonomy":"product_cat","embeddable":true,"href":"https:\/\/www.pomoline.com\/de\/wp-json\/wp\/v2\/product_cat?post=323114"},{"taxonomy":"product_tag","embeddable":true,"href":"https:\/\/www.pomoline.com\/de\/wp-json\/wp\/v2\/product_tag?post=323114"}],"curies":[{"name":"wp","href":"https:\/\/api.w.org\/{rel}","templated":true}]}}