{"id":323138,"date":"2024-04-27T13:12:58","date_gmt":"2024-04-27T11:12:58","guid":{"rendered":"https:\/\/www.pomoline.com\/web-pruebas\/producto\/pata-mueble-sofa-madera-haya-altura-50mm\/"},"modified":"2025-03-13T22:56:12","modified_gmt":"2025-03-13T21:56:12","slug":"bein-mobel-sofa-holz-buche-hohe-50mm","status":"publish","type":"product","link":"https:\/\/www.pomoline.com\/de\/produkt\/bein-mobel-sofa-holz-buche-hohe-50mm\/","title":{"rendered":"BEIN M\u00d6BEL SOFA HOLZ BUCHE H\u00d6HE 50MM"},"content":{"rendered":"<p>Gedrehtes Holzbein zur Montage an Tischen und M\u00f6beln und wir verkaufen sie roh zum Lackieren oder fertig. Das Holz stammt aus nachhaltigen und zertifizierten Plantagen. Dieses besondere Modell ist MOD 5050 Bein M\u00f6bel Sofa Holz Buche H\u00f6he 50mm<\/p>\n","protected":false},"excerpt":{"rendered":"<p>Gedrehtes Holzbein zur Montage an Tischen und M\u00f6beln und wir verkaufen sie roh zum Lackieren oder fertig. Das Holz stammt aus nachhaltigen und zertifizierten Plantagen. Dieses besondere Modell ist MOD 5050 Bein M\u00f6bel Sofa Holz Buche H\u00f6he 50mm<\/p>\n","protected":false},"featured_media":409174,"template":"","meta":{"_joinchat":[]},"product_brand":[],"product_cat":[1017],"product_tag":[],"class_list":{"0":"post-323138","1":"product","2":"type-product","3":"status-publish","4":"has-post-thumbnail","6":"product_cat-mobelbeine-stahl-holz-kunststoff-stahl-fusse-regulierschrauben-tisch","7":"pa_color-schwarz-schrank-griffe-griffe-wandaufhanger-turhaken-mobelbeine","8":"pa_color-natur-buche-schrank-knauf-griffe-wandaufhanger-turhaken-mobel-beine","9":"pa_color-weis-schrank-griffe-griffe-wandhaken-turhaken-mobelbeine","10":"pa_color-rohholz-schrank-knauf-griffe-wandaufhanger-turhaken-mobel-beine","11":"pa_color-wengue-schrank-knaufe-griffe-wandaufhanger-turhaken-mobel-beine","12":"pa_tendencia-mobelbeine-fur-kuchenschrank","13":"pa_tendencia-nordisch-skandinavische-mobelbeine","15":"first","16":"instock","17":"taxable","18":"shipping-taxable","19":"purchasable","20":"product-type-variable","21":"has-default-attributes","22":"wvs-archive-product-wrapper"},"_links":{"self":[{"href":"https:\/\/www.pomoline.com\/de\/wp-json\/wp\/v2\/product\/323138","targetHints":{"allow":["GET"]}}],"collection":[{"href":"https:\/\/www.pomoline.com\/de\/wp-json\/wp\/v2\/product"}],"about":[{"href":"https:\/\/www.pomoline.com\/de\/wp-json\/wp\/v2\/types\/product"}],"wp:featuredmedia":[{"embeddable":true,"href":"https:\/\/www.pomoline.com\/de\/wp-json\/wp\/v2\/media\/409174"}],"wp:attachment":[{"href":"https:\/\/www.pomoline.com\/de\/wp-json\/wp\/v2\/media?parent=323138"}],"wp:term":[{"taxonomy":"product_brand","embeddable":true,"href":"https:\/\/www.pomoline.com\/de\/wp-json\/wp\/v2\/product_brand?post=323138"},{"taxonomy":"product_cat","embeddable":true,"href":"https:\/\/www.pomoline.com\/de\/wp-json\/wp\/v2\/product_cat?post=323138"},{"taxonomy":"product_tag","embeddable":true,"href":"https:\/\/www.pomoline.com\/de\/wp-json\/wp\/v2\/product_tag?post=323138"}],"curies":[{"name":"wp","href":"https:\/\/api.w.org\/{rel}","templated":true}]}}