{"id":323142,"date":"2024-04-27T13:13:04","date_gmt":"2024-04-27T11:13:04","guid":{"rendered":"https:\/\/www.pomoline.com\/web-pruebas\/producto\/tirador-mueble-pomo-caballito-mar-metal-fundicion-artesanal-cajonera\/"},"modified":"2025-03-13T22:55:56","modified_gmt":"2025-03-13T21:55:56","slug":"mobelknopf-mobel-knopfeeepferdchen-metall-guss-hausgemacht-schubladenschrank","status":"publish","type":"product","link":"https:\/\/www.pomoline.com\/de\/produkt\/mobelknopf-mobel-knopfeeepferdchen-metall-guss-hausgemacht-schubladenschrank\/","title":{"rendered":"M\u00d6BELKNOPF M\u00d6BEL KN\u00d6PFEEEPFERDCHEN METALL GUSS HAUSGEMACHT SCHUBLADENSCHRANK"},"content":{"rendered":"<p>M\u00f6belkn\u00f6pfe gealtertes Messing und Altsilberkn\u00f6pfe f\u00fcr rustikale M\u00f6bel und Vintage Schubladen. Sie sind ein sehr attraktives Design f\u00fcr H\u00e4user mit einer klassischen Atmosph\u00e4re. Dieses besondere Modell ist MOD 505 M\u00f6belgriff M\u00f6belknopf Seepferdchen Metall<\/p>\n","protected":false},"excerpt":{"rendered":"<p>M\u00f6belkn\u00f6pfe gealtertes Messing und Altsilberkn\u00f6pfe f\u00fcr rustikale M\u00f6bel und Vintage Schubladen. Sie sind ein sehr attraktives Design f\u00fcr H\u00e4user mit einer klassischen Atmosph\u00e4re. Dieses besondere Modell ist MOD 505 M\u00f6belgriff M\u00f6belknopf Seepferdchen Metall<\/p>\n","protected":false},"featured_media":409170,"template":"","meta":{"_joinchat":[]},"product_brand":[],"product_cat":[5187,977],"product_tag":[],"class_list":{"0":"post-323142","1":"product","2":"type-product","3":"status-publish","4":"has-post-thumbnail","6":"product_cat-mobelgriffe-und-knopfe-fur-schubladen","7":"product_cat-mobelknopfe-griffe-vintage-shabby-chic-klassische-provence-schublade","8":"pa_color-alte-bronze-schrankknopfe-griffe-wandaufhanger-turhaken-mobelbeine","9":"pa_tendencia-art-deco-mobelgriffe","11":"first","12":"outofstock","13":"taxable","14":"shipping-taxable","15":"purchasable","16":"product-type-variable","17":"has-default-attributes","18":"wvs-archive-product-wrapper"},"_links":{"self":[{"href":"https:\/\/www.pomoline.com\/de\/wp-json\/wp\/v2\/product\/323142","targetHints":{"allow":["GET"]}}],"collection":[{"href":"https:\/\/www.pomoline.com\/de\/wp-json\/wp\/v2\/product"}],"about":[{"href":"https:\/\/www.pomoline.com\/de\/wp-json\/wp\/v2\/types\/product"}],"wp:featuredmedia":[{"embeddable":true,"href":"https:\/\/www.pomoline.com\/de\/wp-json\/wp\/v2\/media\/409170"}],"wp:attachment":[{"href":"https:\/\/www.pomoline.com\/de\/wp-json\/wp\/v2\/media?parent=323142"}],"wp:term":[{"taxonomy":"product_brand","embeddable":true,"href":"https:\/\/www.pomoline.com\/de\/wp-json\/wp\/v2\/product_brand?post=323142"},{"taxonomy":"product_cat","embeddable":true,"href":"https:\/\/www.pomoline.com\/de\/wp-json\/wp\/v2\/product_cat?post=323142"},{"taxonomy":"product_tag","embeddable":true,"href":"https:\/\/www.pomoline.com\/de\/wp-json\/wp\/v2\/product_tag?post=323142"}],"curies":[{"name":"wp","href":"https:\/\/api.w.org\/{rel}","templated":true}]}}