{"id":323150,"date":"2024-04-27T13:13:13","date_gmt":"2024-04-27T11:13:13","guid":{"rendered":"https:\/\/www.pomoline.com\/web-pruebas\/producto\/pata-mueble-madera-haya-altura-70mm\/"},"modified":"2025-03-13T22:55:22","modified_gmt":"2025-03-13T21:55:22","slug":"bein-mobel-holz-buche-hohe-70mm","status":"publish","type":"product","link":"https:\/\/www.pomoline.com\/de\/produkt\/bein-mobel-holz-buche-hohe-70mm\/","title":{"rendered":"BEIN M\u00d6BEL HOLZ BUCHE H\u00d6HE 70MM"},"content":{"rendered":"<p>Gedrehtes Holzbein zur Montage an Tischen und M\u00f6beln und wir verkaufen sie roh zum Lackieren oder fertig. Das Holz stammt aus nachhaltigen und zertifizierten Plantagen. Dieses besondere Modell ist MOD 5048 Bein M\u00f6bel Holz Buche H\u00f6he 70mm<\/p>\n","protected":false},"excerpt":{"rendered":"<p>Gedrehtes Holzbein zur Montage an Tischen und M\u00f6beln und wir verkaufen sie roh zum Lackieren oder fertig. Das Holz stammt aus nachhaltigen und zertifizierten Plantagen. Dieses besondere Modell ist MOD 5048 Bein M\u00f6bel Holz Buche H\u00f6he 70mm<\/p>\n","protected":false},"featured_media":409162,"template":"","meta":{"_joinchat":[]},"product_brand":[],"product_cat":[1017],"product_tag":[],"class_list":{"0":"post-323150","1":"product","2":"type-product","3":"status-publish","4":"has-post-thumbnail","6":"product_cat-mobelbeine-stahl-holz-kunststoff-stahl-fusse-regulierschrauben-tisch","7":"pa_color-natur-buche-schrank-knauf-griffe-wandaufhanger-turhaken-mobel-beine","8":"pa_color-rohholz-schrank-knauf-griffe-wandaufhanger-turhaken-mobel-beine","9":"pa_color-wengue-schrank-knaufe-griffe-wandaufhanger-turhaken-mobel-beine","10":"pa_tendencia-mobelbeine-fur-kuchenschrank","12":"first","13":"instock","14":"taxable","15":"shipping-taxable","16":"purchasable","17":"product-type-variable","18":"has-default-attributes","19":"wvs-archive-product-wrapper"},"_links":{"self":[{"href":"https:\/\/www.pomoline.com\/de\/wp-json\/wp\/v2\/product\/323150","targetHints":{"allow":["GET"]}}],"collection":[{"href":"https:\/\/www.pomoline.com\/de\/wp-json\/wp\/v2\/product"}],"about":[{"href":"https:\/\/www.pomoline.com\/de\/wp-json\/wp\/v2\/types\/product"}],"wp:featuredmedia":[{"embeddable":true,"href":"https:\/\/www.pomoline.com\/de\/wp-json\/wp\/v2\/media\/409162"}],"wp:attachment":[{"href":"https:\/\/www.pomoline.com\/de\/wp-json\/wp\/v2\/media?parent=323150"}],"wp:term":[{"taxonomy":"product_brand","embeddable":true,"href":"https:\/\/www.pomoline.com\/de\/wp-json\/wp\/v2\/product_brand?post=323150"},{"taxonomy":"product_cat","embeddable":true,"href":"https:\/\/www.pomoline.com\/de\/wp-json\/wp\/v2\/product_cat?post=323150"},{"taxonomy":"product_tag","embeddable":true,"href":"https:\/\/www.pomoline.com\/de\/wp-json\/wp\/v2\/product_tag?post=323150"}],"curies":[{"name":"wp","href":"https:\/\/api.w.org\/{rel}","templated":true}]}}