{"id":323166,"date":"2024-04-27T13:13:34","date_gmt":"2024-04-27T11:13:34","guid":{"rendered":"https:\/\/www.pomoline.com\/web-pruebas\/producto\/pata-mueble-canape-madera-cilindrica-haya-altura-250mm\/"},"modified":"2025-03-13T22:54:11","modified_gmt":"2025-03-13T21:54:11","slug":"bein-mobel-kanapee-holz-zylindrisch-buche-hohe-250mm","status":"publish","type":"product","link":"https:\/\/www.pomoline.com\/de\/produkt\/bein-mobel-kanapee-holz-zylindrisch-buche-hohe-250mm\/","title":{"rendered":"BEIN M\u00d6BEL KANAPEE HOLZ ZYLINDRISCH BUCHE H\u00d6HE 250MM"},"content":{"rendered":"<p>Gedrehtes Holzbein zur Montage an Tischen und M\u00f6beln und wir verkaufen sie roh zum Lackieren oder fertig. Das Holz stammt aus nachhaltigen und zertifizierten Plantagen. Dieses besondere Modell ist MOD 5044 Bein M\u00f6bel Kanapee Holz cyclisch Buche<\/p>\n","protected":false},"excerpt":{"rendered":"<p>Gedrehtes Holzbein zur Montage an Tischen und M\u00f6beln und wir verkaufen sie roh zum Lackieren oder fertig. Das Holz stammt aus nachhaltigen und zertifizierten Plantagen. Dieses besondere Modell ist MOD 5044 Bein M\u00f6bel Kanapee Holz cyclisch Buche<\/p>\n","protected":false},"featured_media":409145,"template":"","meta":{"_joinchat":[]},"product_brand":[],"product_cat":[1017],"product_tag":[],"class_list":{"0":"post-323166","1":"product","2":"type-product","3":"status-publish","4":"has-post-thumbnail","6":"product_cat-mobelbeine-stahl-holz-kunststoff-stahl-fusse-regulierschrauben-tisch","7":"pa_color-schwarz-schrank-griffe-griffe-wandaufhanger-turhaken-mobelbeine","8":"pa_color-natur-buche-schrank-knauf-griffe-wandaufhanger-turhaken-mobel-beine","9":"pa_color-weis-schrank-griffe-griffe-wandhaken-turhaken-mobelbeine","10":"pa_color-buche-honig-schrank-knopfe-griffe-wandhanger-turhaken-mobelbeine","11":"pa_color-rohholz-schrank-knauf-griffe-wandaufhanger-turhaken-mobel-beine","12":"pa_tendencia-mobelbeine-fur-kuchenschrank","13":"pa_tendencia-nordisch-skandinavische-mobelbeine","15":"first","16":"instock","17":"taxable","18":"shipping-taxable","19":"purchasable","20":"product-type-variable","21":"has-default-attributes","22":"wvs-archive-product-wrapper"},"_links":{"self":[{"href":"https:\/\/www.pomoline.com\/de\/wp-json\/wp\/v2\/product\/323166","targetHints":{"allow":["GET"]}}],"collection":[{"href":"https:\/\/www.pomoline.com\/de\/wp-json\/wp\/v2\/product"}],"about":[{"href":"https:\/\/www.pomoline.com\/de\/wp-json\/wp\/v2\/types\/product"}],"wp:featuredmedia":[{"embeddable":true,"href":"https:\/\/www.pomoline.com\/de\/wp-json\/wp\/v2\/media\/409145"}],"wp:attachment":[{"href":"https:\/\/www.pomoline.com\/de\/wp-json\/wp\/v2\/media?parent=323166"}],"wp:term":[{"taxonomy":"product_brand","embeddable":true,"href":"https:\/\/www.pomoline.com\/de\/wp-json\/wp\/v2\/product_brand?post=323166"},{"taxonomy":"product_cat","embeddable":true,"href":"https:\/\/www.pomoline.com\/de\/wp-json\/wp\/v2\/product_cat?post=323166"},{"taxonomy":"product_tag","embeddable":true,"href":"https:\/\/www.pomoline.com\/de\/wp-json\/wp\/v2\/product_tag?post=323166"}],"curies":[{"name":"wp","href":"https:\/\/api.w.org\/{rel}","templated":true}]}}