{"id":323170,"date":"2024-04-27T13:13:38","date_gmt":"2024-04-27T11:13:38","guid":{"rendered":"https:\/\/www.pomoline.com\/web-pruebas\/producto\/pata-mueble-madera-cuadrrada-haya-altura-100mm\/"},"modified":"2025-03-13T22:53:52","modified_gmt":"2025-03-13T21:53:52","slug":"bein-mobel-holz-quadrat-buche-hohe-100mm","status":"publish","type":"product","link":"https:\/\/www.pomoline.com\/de\/produkt\/bein-mobel-holz-quadrat-buche-hohe-100mm\/","title":{"rendered":"BEIN M\u00d6BEL HOLZ QUADRAT BUCHE H\u00d6HE 100MM"},"content":{"rendered":"<p>Gedrehtes Holzbein zur Montage an Tischen und M\u00f6beln und wir verkaufen sie roh zum Lackieren oder fertig. Das Holz stammt aus nachhaltigen und zertifizierten Plantagen. Dieses besondere Modell ist MOD 5042 Bein M\u00f6bel Holz quadrat Buche H\u00f6he<\/p>\n","protected":false},"excerpt":{"rendered":"<p>Gedrehtes Holzbein zur Montage an Tischen und M\u00f6beln und wir verkaufen sie roh zum Lackieren oder fertig. Das Holz stammt aus nachhaltigen und zertifizierten Plantagen. Dieses besondere Modell ist MOD 5042 Bein M\u00f6bel Holz quadrat Buche H\u00f6he<\/p>\n","protected":false},"featured_media":409141,"template":"","meta":{"_joinchat":[]},"product_brand":[],"product_cat":[1017],"product_tag":[],"class_list":{"0":"post-323170","1":"product","2":"type-product","3":"status-publish","4":"has-post-thumbnail","6":"product_cat-mobelbeine-stahl-holz-kunststoff-stahl-fusse-regulierschrauben-tisch","7":"pa_color-schwarz-schrank-griffe-griffe-wandaufhanger-turhaken-mobelbeine","8":"pa_color-natur-buche-schrank-knauf-griffe-wandaufhanger-turhaken-mobel-beine","9":"pa_color-weis-schrank-griffe-griffe-wandhaken-turhaken-mobelbeine","10":"pa_color-rohholz-schrank-knauf-griffe-wandaufhanger-turhaken-mobel-beine","11":"pa_color-wengue-schrank-knaufe-griffe-wandaufhanger-turhaken-mobel-beine","12":"pa_tendencia-mobelbeine-fur-kuchenschrank","13":"pa_tendencia-nordisch-skandinavische-mobelbeine","15":"first","16":"instock","17":"taxable","18":"shipping-taxable","19":"purchasable","20":"product-type-variable","21":"has-default-attributes","22":"wvs-archive-product-wrapper"},"_links":{"self":[{"href":"https:\/\/www.pomoline.com\/de\/wp-json\/wp\/v2\/product\/323170","targetHints":{"allow":["GET"]}}],"collection":[{"href":"https:\/\/www.pomoline.com\/de\/wp-json\/wp\/v2\/product"}],"about":[{"href":"https:\/\/www.pomoline.com\/de\/wp-json\/wp\/v2\/types\/product"}],"wp:featuredmedia":[{"embeddable":true,"href":"https:\/\/www.pomoline.com\/de\/wp-json\/wp\/v2\/media\/409141"}],"wp:attachment":[{"href":"https:\/\/www.pomoline.com\/de\/wp-json\/wp\/v2\/media?parent=323170"}],"wp:term":[{"taxonomy":"product_brand","embeddable":true,"href":"https:\/\/www.pomoline.com\/de\/wp-json\/wp\/v2\/product_brand?post=323170"},{"taxonomy":"product_cat","embeddable":true,"href":"https:\/\/www.pomoline.com\/de\/wp-json\/wp\/v2\/product_cat?post=323170"},{"taxonomy":"product_tag","embeddable":true,"href":"https:\/\/www.pomoline.com\/de\/wp-json\/wp\/v2\/product_tag?post=323170"}],"curies":[{"name":"wp","href":"https:\/\/api.w.org\/{rel}","templated":true}]}}