{"id":323174,"date":"2024-04-27T13:13:46","date_gmt":"2024-04-27T11:13:46","guid":{"rendered":"https:\/\/www.pomoline.com\/web-pruebas\/producto\/pata-mueble-madera-cuadrada-haya-altura-80mm\/"},"modified":"2025-03-13T22:53:37","modified_gmt":"2025-03-13T21:53:37","slug":"bein-mobel-holz-quadrat-buche-hohe-80mm","status":"publish","type":"product","link":"https:\/\/www.pomoline.com\/de\/produkt\/bein-mobel-holz-quadrat-buche-hohe-80mm\/","title":{"rendered":"BEIN M\u00d6BEL HOLZ QUADRAT BUCHE H\u00d6HE 80MM"},"content":{"rendered":"<p>Gedrehtes Holzbein zur Montage an Tischen und M\u00f6beln und wir verkaufen sie roh zum Lackieren oder fertig. Das Holz stammt aus nachhaltigen und zertifizierten Plantagen. Dieses besondere Modell ist MOD 5041 Bein M\u00f6bel Holz quadrat Buche H\u00f6he<\/p>\n","protected":false},"excerpt":{"rendered":"<p>Gedrehtes Holzbein zur Montage an Tischen und M\u00f6beln und wir verkaufen sie roh zum Lackieren oder fertig. Das Holz stammt aus nachhaltigen und zertifizierten Plantagen. Dieses besondere Modell ist MOD 5041 Bein M\u00f6bel Holz quadrat Buche H\u00f6he<\/p>\n","protected":false},"featured_media":409137,"template":"","meta":{"_joinchat":[]},"product_brand":[],"product_cat":[1017],"product_tag":[],"class_list":{"0":"post-323174","1":"product","2":"type-product","3":"status-publish","4":"has-post-thumbnail","6":"product_cat-mobelbeine-stahl-holz-kunststoff-stahl-fusse-regulierschrauben-tisch","7":"pa_color-schwarz-schrank-griffe-griffe-wandaufhanger-turhaken-mobelbeine","8":"pa_color-weis-schrank-griffe-griffe-wandhaken-turhaken-mobelbeine","9":"pa_color-rohholz-schrank-knauf-griffe-wandaufhanger-turhaken-mobel-beine","10":"pa_tendencia-mobelbeine-fur-kuchenschrank","11":"pa_tendencia-nordisch-skandinavische-mobelbeine","13":"first","14":"instock","15":"taxable","16":"shipping-taxable","17":"purchasable","18":"product-type-variable","19":"has-default-attributes","20":"wvs-archive-product-wrapper"},"_links":{"self":[{"href":"https:\/\/www.pomoline.com\/de\/wp-json\/wp\/v2\/product\/323174","targetHints":{"allow":["GET"]}}],"collection":[{"href":"https:\/\/www.pomoline.com\/de\/wp-json\/wp\/v2\/product"}],"about":[{"href":"https:\/\/www.pomoline.com\/de\/wp-json\/wp\/v2\/types\/product"}],"wp:featuredmedia":[{"embeddable":true,"href":"https:\/\/www.pomoline.com\/de\/wp-json\/wp\/v2\/media\/409137"}],"wp:attachment":[{"href":"https:\/\/www.pomoline.com\/de\/wp-json\/wp\/v2\/media?parent=323174"}],"wp:term":[{"taxonomy":"product_brand","embeddable":true,"href":"https:\/\/www.pomoline.com\/de\/wp-json\/wp\/v2\/product_brand?post=323174"},{"taxonomy":"product_cat","embeddable":true,"href":"https:\/\/www.pomoline.com\/de\/wp-json\/wp\/v2\/product_cat?post=323174"},{"taxonomy":"product_tag","embeddable":true,"href":"https:\/\/www.pomoline.com\/de\/wp-json\/wp\/v2\/product_tag?post=323174"}],"curies":[{"name":"wp","href":"https:\/\/api.w.org\/{rel}","templated":true}]}}