{"id":323194,"date":"2024-04-27T13:14:19","date_gmt":"2024-04-27T11:14:19","guid":{"rendered":"https:\/\/www.pomoline.com\/web-pruebas\/producto\/kit-4-patas-negra-cocina-mechon-expandible-regulables-armario-encimera\/"},"modified":"2025-03-13T22:52:13","modified_gmt":"2025-03-13T21:52:13","slug":"set-4-beine-schwarz-kuche-erweiterbar-regulierbar-schrank-arbeitsflache","status":"publish","type":"product","link":"https:\/\/www.pomoline.com\/de\/produkt\/set-4-beine-schwarz-kuche-erweiterbar-regulierbar-schrank-arbeitsflache\/","title":{"rendered":"SET 4 BEINE SCHWARZ K\u00dcCHE ERWEITERBAR REGULIERBAR SCHRANK ARBEITSFL\u00c4CHE"},"content":{"rendered":"<p>Verstellbare schwarze Kunststoffbeine f\u00fcr K\u00fcchen und Schr\u00e4nkem\u00f6bel. Sie sind sehr wirtschaftlich, aber sehr widerstandsf\u00e4hig gegen Feuchtigkeit und Gewicht. Dieses besondere Modell ist MOD 5031 Satz 4 Schwarzes Bein K\u00fcche dehnbarer regelbar Schrank Arbeit<\/p>\n","protected":false},"excerpt":{"rendered":"<p>Verstellbare schwarze Kunststoffbeine f\u00fcr K\u00fcchen und Schr\u00e4nkem\u00f6bel. Sie sind sehr wirtschaftlich, aber sehr widerstandsf\u00e4hig gegen Feuchtigkeit und Gewicht. Dieses besondere Modell ist MOD 5031 Satz 4 Schwarzes Bein K\u00fcche dehnbarer regelbar Schrank Arbeit<\/p>\n","protected":false},"featured_media":409117,"template":"","meta":{"_joinchat":[]},"product_brand":[],"product_cat":[1017],"product_tag":[],"class_list":{"0":"post-323194","1":"product","2":"type-product","3":"status-publish","4":"has-post-thumbnail","6":"product_cat-mobelbeine-stahl-holz-kunststoff-stahl-fusse-regulierschrauben-tisch","7":"pa_color-schwarz-schrank-griffe-griffe-wandaufhanger-turhaken-mobelbeine","8":"pa_tendencia-mobelbeine-fur-kuchenschrank","10":"first","11":"instock","12":"taxable","13":"shipping-taxable","14":"purchasable","15":"product-type-variable","16":"has-default-attributes","17":"wvs-archive-product-wrapper"},"_links":{"self":[{"href":"https:\/\/www.pomoline.com\/de\/wp-json\/wp\/v2\/product\/323194","targetHints":{"allow":["GET"]}}],"collection":[{"href":"https:\/\/www.pomoline.com\/de\/wp-json\/wp\/v2\/product"}],"about":[{"href":"https:\/\/www.pomoline.com\/de\/wp-json\/wp\/v2\/types\/product"}],"wp:featuredmedia":[{"embeddable":true,"href":"https:\/\/www.pomoline.com\/de\/wp-json\/wp\/v2\/media\/409117"}],"wp:attachment":[{"href":"https:\/\/www.pomoline.com\/de\/wp-json\/wp\/v2\/media?parent=323194"}],"wp:term":[{"taxonomy":"product_brand","embeddable":true,"href":"https:\/\/www.pomoline.com\/de\/wp-json\/wp\/v2\/product_brand?post=323194"},{"taxonomy":"product_cat","embeddable":true,"href":"https:\/\/www.pomoline.com\/de\/wp-json\/wp\/v2\/product_cat?post=323194"},{"taxonomy":"product_tag","embeddable":true,"href":"https:\/\/www.pomoline.com\/de\/wp-json\/wp\/v2\/product_tag?post=323194"}],"curies":[{"name":"wp","href":"https:\/\/api.w.org\/{rel}","templated":true}]}}