{"id":323206,"date":"2024-04-27T13:14:34","date_gmt":"2024-04-27T11:14:34","guid":{"rendered":"https:\/\/www.pomoline.com\/web-pruebas\/producto\/pata-mueble-abs-diseno-aluminio-altura-120mm\/"},"modified":"2025-03-13T22:51:24","modified_gmt":"2025-03-13T21:51:24","slug":"bein-mobel-abs-design-aluminium-hohe-120mm","status":"publish","type":"product","link":"https:\/\/www.pomoline.com\/de\/produkt\/bein-mobel-abs-design-aluminium-hohe-120mm\/","title":{"rendered":"BEIN M\u00d6BEL ABS DESIGN ALUMINIUM H\u00d6HE 120MM"},"content":{"rendered":"<p>Moderne Beine aus verchromtem Kunststoff, wei\u00df und schwarz f\u00fcr M\u00f6bel und Beistelltisch. Dieses besondere Modell ist MOD 5025 Bein M\u00f6bel ABS Design Aluminium H\u00f6he 120mm<\/p>\n","protected":false},"excerpt":{"rendered":"<p>Moderne Beine aus verchromtem Kunststoff, wei\u00df und schwarz f\u00fcr M\u00f6bel und Beistelltisch. Dieses besondere Modell ist MOD 5025 Bein M\u00f6bel ABS Design Aluminium H\u00f6he 120mm<\/p>\n","protected":false},"featured_media":409105,"template":"","meta":{"_joinchat":[]},"product_brand":[],"product_cat":[1017],"product_tag":[],"class_list":{"0":"post-323206","1":"product","2":"type-product","3":"status-publish","4":"has-post-thumbnail","6":"product_cat-mobelbeine-stahl-holz-kunststoff-stahl-fusse-regulierschrauben-tisch","7":"pa_color-schwarz-schrank-griffe-griffe-wandaufhanger-turhaken-mobelbeine","8":"pa_color-weis-schrank-griffe-griffe-wandhaken-turhaken-mobelbeine","9":"pa_color-mate-aluminium-schrank-knauf-griffe-wandaufhanger-turhaken-mobel-beine","10":"pa_tendencia-mobelbeine-fur-kuchenschrank","12":"first","13":"instock","14":"taxable","15":"shipping-taxable","16":"purchasable","17":"product-type-variable","18":"has-default-attributes","19":"wvs-archive-product-wrapper"},"_links":{"self":[{"href":"https:\/\/www.pomoline.com\/de\/wp-json\/wp\/v2\/product\/323206","targetHints":{"allow":["GET"]}}],"collection":[{"href":"https:\/\/www.pomoline.com\/de\/wp-json\/wp\/v2\/product"}],"about":[{"href":"https:\/\/www.pomoline.com\/de\/wp-json\/wp\/v2\/types\/product"}],"wp:featuredmedia":[{"embeddable":true,"href":"https:\/\/www.pomoline.com\/de\/wp-json\/wp\/v2\/media\/409105"}],"wp:attachment":[{"href":"https:\/\/www.pomoline.com\/de\/wp-json\/wp\/v2\/media?parent=323206"}],"wp:term":[{"taxonomy":"product_brand","embeddable":true,"href":"https:\/\/www.pomoline.com\/de\/wp-json\/wp\/v2\/product_brand?post=323206"},{"taxonomy":"product_cat","embeddable":true,"href":"https:\/\/www.pomoline.com\/de\/wp-json\/wp\/v2\/product_cat?post=323206"},{"taxonomy":"product_tag","embeddable":true,"href":"https:\/\/www.pomoline.com\/de\/wp-json\/wp\/v2\/product_tag?post=323206"}],"curies":[{"name":"wp","href":"https:\/\/api.w.org\/{rel}","templated":true}]}}