{"id":323214,"date":"2024-04-27T13:14:46","date_gmt":"2024-04-27T11:14:46","guid":{"rendered":"https:\/\/www.pomoline.com\/web-pruebas\/producto\/pata-mueble-sofa-acero-cromo-120mm\/"},"modified":"2025-03-13T22:50:51","modified_gmt":"2025-03-13T21:50:51","slug":"bein-mobel-sofa-stahl-chrom-120mm","status":"publish","type":"product","link":"https:\/\/www.pomoline.com\/de\/produkt\/bein-mobel-sofa-stahl-chrom-120mm\/","title":{"rendered":"BEIN M\u00d6BEL SOFA STAHL CHROM 120MM"},"content":{"rendered":"<p>Moderne Beine und M\u00f6bellifte aus verchromtem ABS. Dieses besondere Modell ist MOD 5023 Bein M\u00f6bel Sofa Stahl Chrom 120mm<\/p>\n","protected":false},"excerpt":{"rendered":"<p>Moderne Beine und M\u00f6bellifte aus verchromtem ABS. Dieses besondere Modell ist MOD 5023 Bein M\u00f6bel Sofa Stahl Chrom 120mm<\/p>\n","protected":false},"featured_media":409097,"template":"","meta":{"_joinchat":[]},"product_brand":[],"product_cat":[1017],"product_tag":[],"class_list":{"0":"post-323214","1":"product","2":"type-product","3":"status-publish","4":"has-post-thumbnail","6":"product_cat-mobelbeine-stahl-holz-kunststoff-stahl-fusse-regulierschrauben-tisch","7":"pa_color-chrom-schrank-knauf-griffe-wandaufhanger-turhaken-mobel-beine","8":"pa_tendencia-mobelbeine-fur-kuchenschrank","10":"first","11":"instock","12":"taxable","13":"shipping-taxable","14":"purchasable","15":"product-type-variable","16":"has-default-attributes","17":"wvs-archive-product-wrapper"},"_links":{"self":[{"href":"https:\/\/www.pomoline.com\/de\/wp-json\/wp\/v2\/product\/323214","targetHints":{"allow":["GET"]}}],"collection":[{"href":"https:\/\/www.pomoline.com\/de\/wp-json\/wp\/v2\/product"}],"about":[{"href":"https:\/\/www.pomoline.com\/de\/wp-json\/wp\/v2\/types\/product"}],"wp:featuredmedia":[{"embeddable":true,"href":"https:\/\/www.pomoline.com\/de\/wp-json\/wp\/v2\/media\/409097"}],"wp:attachment":[{"href":"https:\/\/www.pomoline.com\/de\/wp-json\/wp\/v2\/media?parent=323214"}],"wp:term":[{"taxonomy":"product_brand","embeddable":true,"href":"https:\/\/www.pomoline.com\/de\/wp-json\/wp\/v2\/product_brand?post=323214"},{"taxonomy":"product_cat","embeddable":true,"href":"https:\/\/www.pomoline.com\/de\/wp-json\/wp\/v2\/product_cat?post=323214"},{"taxonomy":"product_tag","embeddable":true,"href":"https:\/\/www.pomoline.com\/de\/wp-json\/wp\/v2\/product_tag?post=323214"}],"curies":[{"name":"wp","href":"https:\/\/api.w.org\/{rel}","templated":true}]}}