{"id":323226,"date":"2024-04-27T13:15:07","date_gmt":"2024-04-27T11:15:07","guid":{"rendered":"https:\/\/www.pomoline.com\/web-pruebas\/producto\/embellecedor-aluminio-mate-accesorios-patas-mueble\/"},"modified":"2025-03-13T22:49:34","modified_gmt":"2025-03-13T21:49:34","slug":"radzierkappen-aluminium-matt-zubehore-beine-mobel","status":"publish","type":"product","link":"https:\/\/www.pomoline.com\/de\/produkt\/radzierkappen-aluminium-matt-zubehore-beine-mobel\/","title":{"rendered":"RADZIERKAPPEN ALUMINIUM MATT | ZUBEH\u00d6RE BEINE M\u00d6BEL"},"content":{"rendered":"<p>Regulierschrauben von H\u00f6he zur Montage an unseren Aluminium und Kunststoffbeinen. Sie eignen sich sehr gut zum Nivellieren von Stuhl, Tisch oder M\u00f6beln auf unebenen B\u00f6den. Dieses besondere Modell ist MOD 5017 Radzierkappe mattes Aluminium | Zubeh\u00f6r Beine<\/p>\n","protected":false},"excerpt":{"rendered":"<p>Regulierschrauben von H\u00f6he zur Montage an unseren Aluminium und Kunststoffbeinen. Sie eignen sich sehr gut zum Nivellieren von Stuhl, Tisch oder M\u00f6beln auf unebenen B\u00f6den. Dieses besondere Modell ist MOD 5017 Radzierkappe mattes Aluminium | Zubeh\u00f6r Beine<\/p>\n","protected":false},"featured_media":409085,"template":"","meta":{"_joinchat":[]},"product_brand":[],"product_cat":[1017],"product_tag":[],"class_list":{"0":"post-323226","1":"product","2":"type-product","3":"status-publish","4":"has-post-thumbnail","6":"product_cat-mobelbeine-stahl-holz-kunststoff-stahl-fusse-regulierschrauben-tisch","7":"pa_color-chrom-schrank-knauf-griffe-wandaufhanger-turhaken-mobel-beine","8":"pa_color-mate-aluminium-schrank-knauf-griffe-wandaufhanger-turhaken-mobel-beine","9":"pa_tendencia-mobelbeine-fur-kuchenschrank","11":"first","12":"instock","13":"taxable","14":"shipping-taxable","15":"purchasable","16":"product-type-variable","17":"has-default-attributes","18":"wvs-archive-product-wrapper"},"_links":{"self":[{"href":"https:\/\/www.pomoline.com\/de\/wp-json\/wp\/v2\/product\/323226","targetHints":{"allow":["GET"]}}],"collection":[{"href":"https:\/\/www.pomoline.com\/de\/wp-json\/wp\/v2\/product"}],"about":[{"href":"https:\/\/www.pomoline.com\/de\/wp-json\/wp\/v2\/types\/product"}],"wp:featuredmedia":[{"embeddable":true,"href":"https:\/\/www.pomoline.com\/de\/wp-json\/wp\/v2\/media\/409085"}],"wp:attachment":[{"href":"https:\/\/www.pomoline.com\/de\/wp-json\/wp\/v2\/media?parent=323226"}],"wp:term":[{"taxonomy":"product_brand","embeddable":true,"href":"https:\/\/www.pomoline.com\/de\/wp-json\/wp\/v2\/product_brand?post=323226"},{"taxonomy":"product_cat","embeddable":true,"href":"https:\/\/www.pomoline.com\/de\/wp-json\/wp\/v2\/product_cat?post=323226"},{"taxonomy":"product_tag","embeddable":true,"href":"https:\/\/www.pomoline.com\/de\/wp-json\/wp\/v2\/product_tag?post=323226"}],"curies":[{"name":"wp","href":"https:\/\/api.w.org\/{rel}","templated":true}]}}