{"id":323230,"date":"2024-04-27T13:15:11","date_gmt":"2024-04-27T11:15:11","guid":{"rendered":"https:\/\/www.pomoline.com\/web-pruebas\/producto\/regulador-m-abs-negro-accesorios-patas-mueble-30x47mm\/"},"modified":"2025-03-13T22:49:18","modified_gmt":"2025-03-13T21:49:18","slug":"regulierschrauben-m-abs-schwarz-zubehore-beine-mobel-30x47mm","status":"publish","type":"product","link":"https:\/\/www.pomoline.com\/de\/produkt\/regulierschrauben-m-abs-schwarz-zubehore-beine-mobel-30x47mm\/","title":{"rendered":"REGULIERSCHRAUBEN M ABS SCHWARZ | ZUBEH\u00d6RE BEINE M\u00d6BEL 30x47MM"},"content":{"rendered":"<p>Regulierschrauben von H\u00f6he zur Montage an unseren Aluminium und Kunststoffbeinen. Sie eignen sich sehr gut zum Nivellieren von Stuhl, Tisch oder M\u00f6beln auf unebenen B\u00f6den. Dieses besondere Modell ist MOD 5016 Regulierschraube m ABS schwarz | Zubeh\u00f6r Beine<\/p>\n","protected":false},"excerpt":{"rendered":"<p>Regulierschrauben von H\u00f6he zur Montage an unseren Aluminium und Kunststoffbeinen. Sie eignen sich sehr gut zum Nivellieren von Stuhl, Tisch oder M\u00f6beln auf unebenen B\u00f6den. Dieses besondere Modell ist MOD 5016 Regulierschraube m ABS schwarz | Zubeh\u00f6r Beine<\/p>\n","protected":false},"featured_media":409081,"template":"","meta":{"_joinchat":[]},"product_brand":[],"product_cat":[1017],"product_tag":[],"class_list":{"0":"post-323230","1":"product","2":"type-product","3":"status-publish","4":"has-post-thumbnail","6":"product_cat-mobelbeine-stahl-holz-kunststoff-stahl-fusse-regulierschrauben-tisch","7":"pa_color-schwarz-schrank-griffe-griffe-wandaufhanger-turhaken-mobelbeine","8":"pa_tendencia-mobelbeine-fur-kuchenschrank","10":"first","11":"instock","12":"taxable","13":"shipping-taxable","14":"purchasable","15":"product-type-variable","16":"has-default-attributes","17":"wvs-archive-product-wrapper"},"_links":{"self":[{"href":"https:\/\/www.pomoline.com\/de\/wp-json\/wp\/v2\/product\/323230","targetHints":{"allow":["GET"]}}],"collection":[{"href":"https:\/\/www.pomoline.com\/de\/wp-json\/wp\/v2\/product"}],"about":[{"href":"https:\/\/www.pomoline.com\/de\/wp-json\/wp\/v2\/types\/product"}],"wp:featuredmedia":[{"embeddable":true,"href":"https:\/\/www.pomoline.com\/de\/wp-json\/wp\/v2\/media\/409081"}],"wp:attachment":[{"href":"https:\/\/www.pomoline.com\/de\/wp-json\/wp\/v2\/media?parent=323230"}],"wp:term":[{"taxonomy":"product_brand","embeddable":true,"href":"https:\/\/www.pomoline.com\/de\/wp-json\/wp\/v2\/product_brand?post=323230"},{"taxonomy":"product_cat","embeddable":true,"href":"https:\/\/www.pomoline.com\/de\/wp-json\/wp\/v2\/product_cat?post=323230"},{"taxonomy":"product_tag","embeddable":true,"href":"https:\/\/www.pomoline.com\/de\/wp-json\/wp\/v2\/product_tag?post=323230"}],"curies":[{"name":"wp","href":"https:\/\/api.w.org\/{rel}","templated":true}]}}