{"id":323242,"date":"2024-04-27T13:15:29","date_gmt":"2024-04-27T11:15:29","guid":{"rendered":"https:\/\/www.pomoline.com\/web-pruebas\/producto\/tapon-con-regulador-para-pata-abs-accesorios-patas-mueble\/"},"modified":"2025-03-13T22:48:20","modified_gmt":"2025-03-13T21:48:20","slug":"stopfen-mit-regulierschraube-fur-bein-abs-zubehore-beine-mobel","status":"publish","type":"product","link":"https:\/\/www.pomoline.com\/de\/produkt\/stopfen-mit-regulierschraube-fur-bein-abs-zubehore-beine-mobel\/","title":{"rendered":"STOPFEN MIT REGULIERSCHRAUBE F\u00dcR BEIN ABS | ZUBEH\u00d6RE BEINE M\u00d6BEL"},"content":{"rendered":"<p>Regulierschrauben von Hoch zur Montage an unseren Aluminium und Kunststoffbeinen. Sie eignen sich sehr gut zum Nivellieren von Stuhl, Tisch oder M\u00f6beln auf unebenen B\u00f6den. Dieses besondere Modell ist MOD 5014 Stopfen mit Regulierschraube f\u00fcr Bein ABS | Zu<\/p>\n","protected":false},"excerpt":{"rendered":"<p>Regulierschrauben von Hoch zur Montage an unseren Aluminium und Kunststoffbeinen. Sie eignen sich sehr gut zum Nivellieren von Stuhl, Tisch oder M\u00f6beln auf unebenen B\u00f6den. Dieses besondere Modell ist MOD 5014 Stopfen mit Regulierschraube f\u00fcr Bein ABS | Zu<\/p>\n","protected":false},"featured_media":409069,"template":"","meta":{"_joinchat":[]},"product_brand":[],"product_cat":[1017],"product_tag":[],"class_list":{"0":"post-323242","1":"product","2":"type-product","3":"status-publish","4":"has-post-thumbnail","6":"product_cat-mobelbeine-stahl-holz-kunststoff-stahl-fusse-regulierschrauben-tisch","7":"pa_color-grau-schrank-knauf-griffe-wandaufhanger-turhaken-mobel-beine","8":"pa_tendencia-mobelbeine-fur-kuchenschrank","10":"first","11":"instock","12":"taxable","13":"shipping-taxable","14":"purchasable","15":"product-type-variable","16":"has-default-attributes","17":"wvs-archive-product-wrapper"},"_links":{"self":[{"href":"https:\/\/www.pomoline.com\/de\/wp-json\/wp\/v2\/product\/323242","targetHints":{"allow":["GET"]}}],"collection":[{"href":"https:\/\/www.pomoline.com\/de\/wp-json\/wp\/v2\/product"}],"about":[{"href":"https:\/\/www.pomoline.com\/de\/wp-json\/wp\/v2\/types\/product"}],"wp:featuredmedia":[{"embeddable":true,"href":"https:\/\/www.pomoline.com\/de\/wp-json\/wp\/v2\/media\/409069"}],"wp:attachment":[{"href":"https:\/\/www.pomoline.com\/de\/wp-json\/wp\/v2\/media?parent=323242"}],"wp:term":[{"taxonomy":"product_brand","embeddable":true,"href":"https:\/\/www.pomoline.com\/de\/wp-json\/wp\/v2\/product_brand?post=323242"},{"taxonomy":"product_cat","embeddable":true,"href":"https:\/\/www.pomoline.com\/de\/wp-json\/wp\/v2\/product_cat?post=323242"},{"taxonomy":"product_tag","embeddable":true,"href":"https:\/\/www.pomoline.com\/de\/wp-json\/wp\/v2\/product_tag?post=323242"}],"curies":[{"name":"wp","href":"https:\/\/api.w.org\/{rel}","templated":true}]}}