{"id":323266,"date":"2024-04-27T13:16:04","date_gmt":"2024-04-27T11:16:04","guid":{"rendered":"https:\/\/www.pomoline.com\/web-pruebas\/producto\/pata-alt-abs-aluminio-mate-accesorios-patas-mueble-50x125mm\/"},"modified":"2025-03-13T22:46:40","modified_gmt":"2025-03-13T21:46:40","slug":"bein-alt-abs-aluminium-matt-zubehore-beine-mobel-50x125mm","status":"publish","type":"product","link":"https:\/\/www.pomoline.com\/de\/produkt\/bein-alt-abs-aluminium-matt-zubehore-beine-mobel-50x125mm\/","title":{"rendered":"BEIN ALT |ABS ALUMINIUM MATT | ZUBEH\u00d6RE BEINE M\u00d6BEL 50x125MM"},"content":{"rendered":"<p>Moderne Beine aus verchromtem Kunststoff, wei\u00df und schwarz f\u00fcr M\u00f6bel und Beistelltisch. Dieses besondere Modell ist MOD 5009 hohes Bein |ABS mattes Aluminium | Zubeh\u00f6r Beine M\u00f6bel 50x125mm<\/p>\n","protected":false},"excerpt":{"rendered":"<p>Moderne Beine aus verchromtem Kunststoff, wei\u00df und schwarz f\u00fcr M\u00f6bel und Beistelltisch. Dieses besondere Modell ist MOD 5009 hohes Bein |ABS mattes Aluminium | Zubeh\u00f6r Beine M\u00f6bel 50x125mm<\/p>\n","protected":false},"featured_media":409045,"template":"","meta":{"_joinchat":[]},"product_brand":[],"product_cat":[1017],"product_tag":[],"class_list":{"0":"post-323266","1":"product","2":"type-product","3":"status-publish","4":"has-post-thumbnail","6":"product_cat-mobelbeine-stahl-holz-kunststoff-stahl-fusse-regulierschrauben-tisch","7":"pa_color-mate-aluminium-schrank-knauf-griffe-wandaufhanger-turhaken-mobel-beine","8":"pa_tendencia-mobelbeine-fur-kuchenschrank","10":"first","11":"instock","12":"taxable","13":"shipping-taxable","14":"purchasable","15":"product-type-variable","16":"has-default-attributes","17":"wvs-archive-product-wrapper"},"_links":{"self":[{"href":"https:\/\/www.pomoline.com\/de\/wp-json\/wp\/v2\/product\/323266","targetHints":{"allow":["GET"]}}],"collection":[{"href":"https:\/\/www.pomoline.com\/de\/wp-json\/wp\/v2\/product"}],"about":[{"href":"https:\/\/www.pomoline.com\/de\/wp-json\/wp\/v2\/types\/product"}],"wp:featuredmedia":[{"embeddable":true,"href":"https:\/\/www.pomoline.com\/de\/wp-json\/wp\/v2\/media\/409045"}],"wp:attachment":[{"href":"https:\/\/www.pomoline.com\/de\/wp-json\/wp\/v2\/media?parent=323266"}],"wp:term":[{"taxonomy":"product_brand","embeddable":true,"href":"https:\/\/www.pomoline.com\/de\/wp-json\/wp\/v2\/product_brand?post=323266"},{"taxonomy":"product_cat","embeddable":true,"href":"https:\/\/www.pomoline.com\/de\/wp-json\/wp\/v2\/product_cat?post=323266"},{"taxonomy":"product_tag","embeddable":true,"href":"https:\/\/www.pomoline.com\/de\/wp-json\/wp\/v2\/product_tag?post=323266"}],"curies":[{"name":"wp","href":"https:\/\/api.w.org\/{rel}","templated":true}]}}