{"id":323270,"date":"2024-04-27T13:16:09","date_gmt":"2024-04-27T11:16:09","guid":{"rendered":"https:\/\/www.pomoline.com\/web-pruebas\/producto\/pata-conica-alt-abs-aluminio-mate-accesorios-patas-mueble\/"},"modified":"2025-03-13T22:46:23","modified_gmt":"2025-03-13T21:46:23","slug":"bein-konisch-alt-abs-aluminium-matt-zubehore-beine-mobel","status":"publish","type":"product","link":"https:\/\/www.pomoline.com\/de\/produkt\/bein-konisch-alt-abs-aluminium-matt-zubehore-beine-mobel\/","title":{"rendered":"BEIN KONISCH ALT |ABS ALUMINIUM MATT | ZUBEH\u00d6RE BEINE M\u00d6BEL"},"content":{"rendered":"<p>Moderne Beine aus verchromtem Kunststoff, wei\u00df und schwarz f\u00fcr M\u00f6bel und Beistelltisch. Dieses besondere Modell ist MOD 5008 konischer Bein alt |ABS mattes Aluminium | Zubeh\u00f6r Beine M\u00f6bel<\/p>\n","protected":false},"excerpt":{"rendered":"<p>Moderne Beine aus verchromtem Kunststoff, wei\u00df und schwarz f\u00fcr M\u00f6bel und Beistelltisch. Dieses besondere Modell ist MOD 5008 konischer Bein alt |ABS mattes Aluminium | Zubeh\u00f6r Beine M\u00f6bel<\/p>\n","protected":false},"featured_media":409041,"template":"","meta":{"_joinchat":[]},"product_brand":[],"product_cat":[1017],"product_tag":[],"class_list":{"0":"post-323270","1":"product","2":"type-product","3":"status-publish","4":"has-post-thumbnail","6":"product_cat-mobelbeine-stahl-holz-kunststoff-stahl-fusse-regulierschrauben-tisch","7":"pa_color-beige-schrank-knauf-griffe-wandaufhanger-tur-haken-mobel-beine","8":"pa_color-mate-aluminium-schrank-knauf-griffe-wandaufhanger-turhaken-mobel-beine","9":"pa_tendencia-mobelbeine-fur-kuchenschrank","11":"first","12":"instock","13":"taxable","14":"shipping-taxable","15":"purchasable","16":"product-type-variable","17":"has-default-attributes","18":"wvs-archive-product-wrapper"},"_links":{"self":[{"href":"https:\/\/www.pomoline.com\/de\/wp-json\/wp\/v2\/product\/323270","targetHints":{"allow":["GET"]}}],"collection":[{"href":"https:\/\/www.pomoline.com\/de\/wp-json\/wp\/v2\/product"}],"about":[{"href":"https:\/\/www.pomoline.com\/de\/wp-json\/wp\/v2\/types\/product"}],"wp:featuredmedia":[{"embeddable":true,"href":"https:\/\/www.pomoline.com\/de\/wp-json\/wp\/v2\/media\/409041"}],"wp:attachment":[{"href":"https:\/\/www.pomoline.com\/de\/wp-json\/wp\/v2\/media?parent=323270"}],"wp:term":[{"taxonomy":"product_brand","embeddable":true,"href":"https:\/\/www.pomoline.com\/de\/wp-json\/wp\/v2\/product_brand?post=323270"},{"taxonomy":"product_cat","embeddable":true,"href":"https:\/\/www.pomoline.com\/de\/wp-json\/wp\/v2\/product_cat?post=323270"},{"taxonomy":"product_tag","embeddable":true,"href":"https:\/\/www.pomoline.com\/de\/wp-json\/wp\/v2\/product_tag?post=323270"}],"curies":[{"name":"wp","href":"https:\/\/api.w.org\/{rel}","templated":true}]}}