{"id":323290,"date":"2024-04-27T13:16:39","date_gmt":"2024-04-27T11:16:39","guid":{"rendered":"https:\/\/www.pomoline.com\/web-pruebas\/producto\/pata-redon-aluminio-brillo-con-regulador-superior-para-mueble\/"},"modified":"2025-03-13T22:44:28","modified_gmt":"2025-03-13T21:44:28","slug":"rundes-bein-aluminium-glanzend-mit-regulierschrauben-ober-fur-mobel","status":"publish","type":"product","link":"https:\/\/www.pomoline.com\/de\/produkt\/rundes-bein-aluminium-glanzend-mit-regulierschrauben-ober-fur-mobel\/","title":{"rendered":"RUNDES BEIN | ALUMINIUM GL\u00c4NZEND | MIT REGULIERSCHRAUBEN OBER F\u00dcR M\u00d6BEL"},"content":{"rendered":"<p>M\u00f6belbeine in mattem Aluminium und Glanz. Sie sind sehr modern und k\u00f6nnen in K\u00fcchenm\u00f6bel eingebaut werden. Dieses besondere Modell ist MOD 5004 rundes Bein | gl\u00e4nzendes Aluminium | mit Regulierschraube oben f\u00fcr M\u00f6bel<\/p>\n","protected":false},"excerpt":{"rendered":"<p>M\u00f6belbeine in mattem Aluminium und Glanz. Sie sind sehr modern und k\u00f6nnen in K\u00fcchenm\u00f6bel eingebaut werden. Dieses besondere Modell ist MOD 5004 rundes Bein | gl\u00e4nzendes Aluminium | mit Regulierschraube oben f\u00fcr M\u00f6bel<\/p>\n","protected":false},"featured_media":409021,"template":"","meta":{"_joinchat":[]},"product_brand":[],"product_cat":[1017],"product_tag":[],"class_list":{"0":"post-323290","1":"product","2":"type-product","3":"status-publish","4":"has-post-thumbnail","6":"product_cat-mobelbeine-stahl-holz-kunststoff-stahl-fusse-regulierschrauben-tisch","7":"pa_color-rostfreier-stahl-griffe-griffe-wandaufhanger-turhaken-mobelbeine","8":"pa_color-mate-aluminium-schrank-knauf-griffe-wandaufhanger-turhaken-mobel-beine","9":"pa_color-aluminium-poliert-schrank-griffe-griffe-wandaufhanger-turhaken-mobelbeine","10":"pa_tendencia-mobelbeine-fur-kuchenschrank","12":"first","13":"instock","14":"taxable","15":"shipping-taxable","16":"purchasable","17":"product-type-variable","18":"has-default-attributes","19":"wvs-archive-product-wrapper"},"_links":{"self":[{"href":"https:\/\/www.pomoline.com\/de\/wp-json\/wp\/v2\/product\/323290","targetHints":{"allow":["GET"]}}],"collection":[{"href":"https:\/\/www.pomoline.com\/de\/wp-json\/wp\/v2\/product"}],"about":[{"href":"https:\/\/www.pomoline.com\/de\/wp-json\/wp\/v2\/types\/product"}],"wp:featuredmedia":[{"embeddable":true,"href":"https:\/\/www.pomoline.com\/de\/wp-json\/wp\/v2\/media\/409021"}],"wp:attachment":[{"href":"https:\/\/www.pomoline.com\/de\/wp-json\/wp\/v2\/media?parent=323290"}],"wp:term":[{"taxonomy":"product_brand","embeddable":true,"href":"https:\/\/www.pomoline.com\/de\/wp-json\/wp\/v2\/product_brand?post=323290"},{"taxonomy":"product_cat","embeddable":true,"href":"https:\/\/www.pomoline.com\/de\/wp-json\/wp\/v2\/product_cat?post=323290"},{"taxonomy":"product_tag","embeddable":true,"href":"https:\/\/www.pomoline.com\/de\/wp-json\/wp\/v2\/product_tag?post=323290"}],"curies":[{"name":"wp","href":"https:\/\/api.w.org\/{rel}","templated":true}]}}